{"id":9281,"date":"2018-01-19T13:20:23","date_gmt":"2018-01-19T12:20:23","guid":{"rendered":"https:\/\/testwebsite.tourismfastforward.com\/2018\/?page_id=9281"},"modified":"2025-08-25T13:46:20","modified_gmt":"2025-08-25T11:46:20","slug":"about","status":"publish","type":"page","link":"https:\/\/www.tourismfastforward.com\/2025\/about\/","title":{"rendered":"About"},"content":{"rendered":"<div class=\"wpb-content-wrapper\"><p>[vc_row css=&#8220;.vc_custom_1516891102765{padding-top: 200px !important;padding-bottom: 100px !important;}&#8220;][vc_column][vc_custom_heading text=&#8220;About&#8220; font_container=&#8220;tag:h1|text_align:left&#8220; use_theme_fonts=&#8220;yes&#8220;][vc_separator css=&#8220;.vc_custom_1516800608812{padding-bottom: 50px !important;}&#8220;][vc_custom_heading text=&#8220;DIALOG DIGITALER TOURISMUS&#8220; font_container=&#8220;tag:h1|font_size:24|text_align:left|color:%237a7a7a&#8220; use_theme_fonts=&#8220;yes&#8220;][vc_column_text]TourismFastForward ist eine Veranstaltung zu Themen des eTourismus und findet einmal j\u00e4hrlich rollierend im Kongresszentrum Mayrhofen, im Kongresszentrum Gurgl Carat \u00d6tztal und im Kongresszentrum Hall in Tirol statt.<br \/>\nAngefangen hat alles vor 2013. Damals beschlossen Prof. Dieter Fensel, Leiter des STI-Institutes an der Universit\u00e4t Innsbruck, Bernhard Rieder, damals Leiter des Arbeitskreises eTourismus an der UBIT Tirol, und Andreas Lackner, Gesch\u00e4ftsf\u00fchrer des Tourismusverbandes Mayrhofen-Hippach, eine Workshopreihe zu etablieren. Ziel war die F\u00f6rderung des Dialoges zwischen dem Tourismus, der Wissenschaft und der IT. Der Tourismus der Zukunft muss wettbewerbsf\u00e4hig, nachhaltig und vernetzt bleiben. Mit TourismFastForward sichern wir Teamwork und Dialog zwischen Tourismusdienstleistern, Travel-Technologie-Anbietern, Wissenschaft und Destination-Managern \u2013 grenz\u00fcberschreitend und interdisziplin\u00e4r.<\/p>\n<p>[\/vc_column_text][vc_custom_heading text=&#8220;Kurzportrait von Convention Tirol zu TourismFastForward&#8220; font_container=&#8220;tag:h2|font_size:24|text_align:left|color:%237a7a7a&#8220; use_theme_fonts=&#8220;yes&#8220;][vc_column_text]<br \/>\n<a href=\"https:\/\/www.convention.tirol\/tourism-fast-forward-mayrhofen\/\" target=\"_blank\" rel=\"noopener\">Artikel TourismFastForward &#8211; Convention Tirol<\/a><\/p>\n<p>[\/vc_column_text][vc_custom_heading text=&#8220;ZIELE&#8220; font_container=&#8220;tag:h2|font_size:24|text_align:left|color:%237a7a7a&#8220; use_theme_fonts=&#8220;yes&#8220;][vc_column_text]<\/p>\n<ul>\n<li style=\"list-style-type: none;\">\n<ul>\n<li style=\"list-style-type: none;\">\n<ul>\n<li>Unseren Tourismus der Zukunft gestalten<\/li>\n<li>Wissen zwischen allen Disziplinen austauschen<\/li>\n<li>Neue Technologien scouten und analysieren<\/li>\n<li>\u201eState of the Art\u201d Input von Experten erhalten und von \u201eBest Practice\u201d Beispielen lernen<\/li>\n<li>Interdisziplin\u00e4re Pilotprojekte f\u00f6rdern<\/li>\n<\/ul>\n<\/li>\n<\/ul>\n<\/li>\n<\/ul>\n<p>[\/vc_column_text][vc_custom_heading text=&#8220;ZIELGRUPPEN&#8220; font_container=&#8220;tag:h2|font_size:24|text_align:left|color:%237a7a7a&#8220; use_theme_fonts=&#8220;yes&#8220;][vc_column_text]<\/p>\n<ul>\n<li style=\"list-style-type: none;\">\n<ul>\n<li style=\"list-style-type: none;\">\n<ul>\n<li>Bergbahnen<\/li>\n<li>Hotellerie<\/li>\n<li>Reisemittler<\/li>\n<li>Tourismusverb\u00e4nde<\/li>\n<li>Travel Technologie Betriebe<\/li>\n<li>Weitere touristische Dienstleister<\/li>\n<li>Wissenschaft<\/li>\n<\/ul>\n<\/li>\n<\/ul>\n<\/li>\n<\/ul>\n<p>[\/vc_column_text][vc_custom_heading text=&#8220;Tr\u00e4ger&#8220; font_container=&#8220;tag:h1|text_align:left&#8220; use_theme_fonts=&#8220;yes&#8220; css=&#8220;.vc_custom_1516801682822{padding-top: 100px !important;}&#8220;][vc_separator css=&#8220;.vc_custom_1516800685764{padding-bottom: 50px !important;}&#8220;][vc_custom_heading text=&#8220;Die Veranstaltungsserie wird getragen von folgenden Parteien:&#8220; font_container=&#8220;tag:h2|font_size:24|text_align:left|color:%237a7a7a&#8220; use_theme_fonts=&#8220;yes&#8220;][vc_column_text]<\/p>\n<ul>\n<li style=\"list-style-type: none;\">\n<ul>\n<li style=\"list-style-type: none;\">\n<ul>\n<li>\u00d6sterreich Werbung<\/li>\n<li>Tirol Werbung<\/li>\n<li>Standortagentur Tirol<\/li>\n<li>TVB Mayrhofen-Hippach<\/li>\n<li>TVB \u00d6tztal Tourismus<\/li>\n<li>TVB Region Hall-Wattens<\/li>\n<li>Europahaus Mayrhofen GesBR<\/li>\n<li>salzraum Hall<\/li>\n<li>GURGL CARAT \u2013 \u00d6TZTAL TOURISMUS CONGRESS GMBH<\/li>\n<\/ul>\n<\/li>\n<\/ul>\n<\/li>\n<\/ul>\n<p>[\/vc_column_text][vc_custom_heading text=&#8220;Beirat&#8220; font_container=&#8220;tag:h1|text_align:left&#8220; use_theme_fonts=&#8220;yes&#8220; css=&#8220;.vc_custom_1516801698573{padding-top: 100px !important;}&#8220;][vc_separator css=&#8220;.vc_custom_1516800685764{padding-bottom: 50px !important;}&#8220;][vc_custom_heading text=&#8220;Der Beirat definiert die inhaltliche Ausrichtung der Konferenzserie und \u00fcberwacht und ber\u00e4t die Durchf\u00fchrung einer einzelnen Konferenz. Im Einzelnen bedeutet dies:&#8220; font_container=&#8220;tag:h2|font_size:24|text_align:left|color:%237a7a7a&#8220; use_theme_fonts=&#8220;yes&#8220;][vc_column_text]<strong>AUFGABEN<\/strong><\/p>\n<ul>\n<li style=\"list-style-type: none;\">\n<ul>\n<li style=\"list-style-type: none;\">\n<ul class=\"ff-arrow-list\">\n<li>Definition der allgemeinen thematischen Ausrichtung eines j\u00e4hrlichen Events<\/li>\n<li>Approval des Budgets eines j\u00e4hrlichen Events in Abstimmung mit den Tr\u00e4gern<\/li>\n<li>Bestellung eines OKs f\u00fcr ein j\u00e4hrliches Event<\/li>\n<li>Evaluierung eines durchgef\u00fchrten Events<\/li>\n<\/ul>\n<\/li>\n<\/ul>\n<\/li>\n<\/ul>\n<ul>\n<li style=\"list-style-type: none;\"><\/li>\n<\/ul>\n<p>[\/vc_column_text][vc_column_text]<strong>ZUSAMMENSETZUNG<\/strong><\/p>\n<p>Der Beirat besteht aus Mitgliedern aus den Bereichen PPP, TSP, ITSP und IP.<\/p>\n<p><strong>Public Private Partnership (PPP)<\/strong><\/p>\n<ul>\n<li style=\"list-style-type: none;\">\n<ul>\n<li style=\"list-style-type: none;\">\n<ul class=\"ff-arrow-list\">\n<li>Andreas Lackner, TVB Mayrhofen-Hippach<\/li>\n<li>Oliver Schwarz,\u00a0TVB \u00d6tztal Tourismus<\/li>\n<li>Manuel Lampe, TVB Region Hall-Watten<\/li>\n<li>Tersa Karan, \u00d6sterreich Werbung<\/li>\n<li>Armin M\u00f6ller, Tirol Werbung<\/li>\n<li>Franz Unterluggauer, Standortagentur Tirol<\/li>\n<li>Markus Gratzer &amp; Oliver Wolf, \u00d6HV<\/li>\n<\/ul>\n<\/li>\n<\/ul>\n<\/li>\n<\/ul>\n<p>[\/vc_column_text][vc_column_text]<strong>Touristic Solution Providers (TSP)<\/strong><\/p>\n<ul>\n<li style=\"list-style-type: none;\">\n<ul>\n<li style=\"list-style-type: none;\">\n<ul class=\"ff-arrow-list\">\n<li>Reinhard Lanner, workersonthefield.com<\/li>\n<li>Sven Thoenes, Kapthon AG<\/li>\n<\/ul>\n<\/li>\n<\/ul>\n<\/li>\n<\/ul>\n<p>[\/vc_column_text][vc_column_text]<strong>IT Solution Providers (ITSP)<\/strong><\/p>\n<ul>\n<li style=\"list-style-type: none;\">\n<ul>\n<li style=\"list-style-type: none;\">\n<ul class=\"ff-arrow-list\">\n<li>Thomas Angerer, Feratel<\/li>\n<li>Elias K\u00e4rle, Onlim<\/li>\n<li>Gilberto Loacker, Alturos<\/li>\n<li>Bernhard Rieder, Management Consulting Agency KG<\/li>\n<\/ul>\n<\/li>\n<\/ul>\n<\/li>\n<\/ul>\n<p>[\/vc_column_text][vc_column_text]<strong>Intelligence Providers (IP)<\/strong><\/p>\n<ul>\n<li style=\"list-style-type: none;\">\n<ul>\n<li style=\"list-style-type: none;\">\n<ul class=\"ff-arrow-list\">\n<li>Prof. Christian Maurer, IMC FH Krems<\/li>\n<li>Univ.-Prof. Dr. Mike Peters, Universit\u00e4t Innsbruck<\/li>\n<li>FH-Prof. Mag. Hubert J. Siller, MCI Management Center Innsbruck<\/li>\n<\/ul>\n<\/li>\n<\/ul>\n<\/li>\n<\/ul>\n<p>[\/vc_column_text][vc_column_text]<strong>einem\/einer Angeh\u00f6rigen, welche vom jeweiligen Veranstalter vorgeschlagen wird und das Budget kalkuliert, \u00fcberwacht und begleitet<\/strong><\/p>\n<ul>\n<li style=\"list-style-type: none;\">\n<ul>\n<li style=\"list-style-type: none;\">\n<ul class=\"ff-arrow-list\">\n<li>Felix Kupfer, Gurgl Carat<\/li>\n<li>Stefanie Thurner, Europahaus Mayrhofen<\/li>\n<li>Andreas Ablinger, Salzraum Hall<\/li>\n<\/ul>\n<\/li>\n<\/ul>\n<\/li>\n<\/ul>\n<p>Als Vorsitzender des Beirats wurde Univ.-Prof. Dr. Mike Peters bestellt.<\/p>\n<p>[\/vc_column_text][\/vc_column][\/vc_row]<\/p>\n<\/div>","protected":false},"excerpt":{"rendered":"<p>[vc_row css=&#8220;.vc_custom_1516891102765{padding-top: 200px !important;padding-bottom: 100px !important;}&#8220;][vc_column][vc_custom_heading text=&#8220;About&#8220; font_container=&#8220;tag:h1|text_align:left&#8220; use_theme_fonts=&#8220;yes&#8220;][vc_separator css=&#8220;.vc_custom_1516800608812{padding-bottom: 50px !important;}&#8220;][vc_custom_heading text=&#8220;DIALOG DIGITALER TOURISMUS&#8220; font_container=&#8220;tag:h1|font_size:24|text_align:left|color:%237a7a7a&#8220; use_theme_fonts=&#8220;yes&#8220;][vc_column_text]TourismFastForward ist eine Veranstaltung zu Themen des eTourismus und findet einmal j\u00e4hrlich rollierend im Kongresszentrum Mayrhofen, im Kongresszentrum Gurgl Carat \u00d6tztal und im Kongresszentrum Hall in Tirol statt. Angefangen hat alles vor 2013. Damals beschlossen Prof. Dieter Fensel, Leiter &hellip; <a href=\"https:\/\/www.tourismfastforward.com\/2025\/about\/\" class=\"more-link\">Continue reading <span class=\"meta-nav\">&rarr;<\/span><span class=\"screen-reader-text\">About<\/span> <\/a><\/p>\n","protected":false},"author":3,"featured_media":0,"parent":0,"menu_order":0,"comment_status":"closed","ping_status":"closed","template":"page-templates\/full-width.php","meta":{"footnotes":""},"class_list":["post-9281","page","type-page","status-publish","hentry"],"yoast_head":"<!-- This site is optimized with the Yoast SEO plugin v27.4 - https:\/\/yoast.com\/product\/yoast-seo-wordpress\/ -->\n<title>About - Die Konferenz f\u00fcr innovative Technologien im Tourismus<\/title>\n<meta name=\"robots\" content=\"index, follow, max-snippet:-1, max-image-preview:large, max-video-preview:-1\" \/>\n<link rel=\"canonical\" href=\"https:\/\/www.tourismfastforward.com\/2025\/about\/\" \/>\n<meta property=\"og:locale\" content=\"de_DE\" \/>\n<meta property=\"og:type\" content=\"article\" \/>\n<meta property=\"og:title\" content=\"About - Die Konferenz f\u00fcr innovative Technologien im Tourismus\" \/>\n<meta property=\"og:description\" content=\"[vc_row css=&#8220;.vc_custom_1516891102765{padding-top: 200px !important;padding-bottom: 100px !important;}&#8220;][vc_column][vc_custom_heading text=&#8220;About&#8220; font_container=&#8220;tag:h1|text_align:left&#8220; use_theme_fonts=&#8220;yes&#8220;][vc_separator css=&#8220;.vc_custom_1516800608812{padding-bottom: 50px !important;}&#8220;][vc_custom_heading text=&#8220;DIALOG DIGITALER TOURISMUS&#8220; font_container=&#8220;tag:h1|font_size:24|text_align:left|color:%237a7a7a&#8220; use_theme_fonts=&#8220;yes&#8220;][vc_column_text]TourismFastForward ist eine Veranstaltung zu Themen des eTourismus und findet einmal j\u00e4hrlich rollierend im Kongresszentrum Mayrhofen, im Kongresszentrum Gurgl Carat \u00d6tztal und im Kongresszentrum Hall in Tirol statt. Angefangen hat alles vor 2013. Damals beschlossen Prof. Dieter Fensel, Leiter &hellip; Continue reading &rarr;About\" \/>\n<meta property=\"og:url\" content=\"https:\/\/www.tourismfastforward.com\/2025\/about\/\" \/>\n<meta property=\"og:site_name\" content=\"Die Konferenz f\u00fcr innovative Technologien im Tourismus\" \/>\n<meta property=\"article:publisher\" content=\"https:\/\/www.facebook.com\/tourismfastforward\" \/>\n<meta property=\"article:modified_time\" content=\"2025-08-25T11:46:20+00:00\" \/>\n<meta name=\"twitter:card\" content=\"summary_large_image\" \/>\n<meta name=\"twitter:site\" content=\"@tourismff\" \/>\n<meta name=\"twitter:label1\" content=\"Gesch\u00e4tzte Lesezeit\" \/>\n\t<meta name=\"twitter:data1\" content=\"4 Minuten\" \/>\n<script type=\"application\/ld+json\" class=\"yoast-schema-graph\">{\"@context\":\"https:\\\/\\\/schema.org\",\"@graph\":[{\"@type\":\"WebPage\",\"@id\":\"https:\\\/\\\/www.tourismfastforward.com\\\/2025\\\/about\\\/\",\"url\":\"https:\\\/\\\/www.tourismfastforward.com\\\/2025\\\/about\\\/\",\"name\":\"About - Die Konferenz f\u00fcr innovative Technologien im Tourismus\",\"isPartOf\":{\"@id\":\"https:\\\/\\\/www.tourismfastforward.com\\\/2025\\\/#website\"},\"datePublished\":\"2018-01-19T12:20:23+00:00\",\"dateModified\":\"2025-08-25T11:46:20+00:00\",\"breadcrumb\":{\"@id\":\"https:\\\/\\\/www.tourismfastforward.com\\\/2025\\\/about\\\/#breadcrumb\"},\"inLanguage\":\"de-AT\",\"potentialAction\":[{\"@type\":\"ReadAction\",\"target\":[\"https:\\\/\\\/www.tourismfastforward.com\\\/2025\\\/about\\\/\"]}]},{\"@type\":\"BreadcrumbList\",\"@id\":\"https:\\\/\\\/www.tourismfastforward.com\\\/2025\\\/about\\\/#breadcrumb\",\"itemListElement\":[{\"@type\":\"ListItem\",\"position\":1,\"name\":\"Startseite\",\"item\":\"https:\\\/\\\/www.tourismfastforward.com\\\/2025\\\/\"},{\"@type\":\"ListItem\",\"position\":2,\"name\":\"About\"}]},{\"@type\":\"WebSite\",\"@id\":\"https:\\\/\\\/www.tourismfastforward.com\\\/2025\\\/#website\",\"url\":\"https:\\\/\\\/www.tourismfastforward.com\\\/2025\\\/\",\"name\":\"Die Konferenz f\u00fcr innovative Technologien im Tourismus\",\"description\":\"Tourism Fast Forward 2025\",\"publisher\":{\"@id\":\"https:\\\/\\\/www.tourismfastforward.com\\\/2025\\\/#organization\"},\"potentialAction\":[{\"@type\":\"SearchAction\",\"target\":{\"@type\":\"EntryPoint\",\"urlTemplate\":\"https:\\\/\\\/www.tourismfastforward.com\\\/2025\\\/?s={search_term_string}\"},\"query-input\":{\"@type\":\"PropertyValueSpecification\",\"valueRequired\":true,\"valueName\":\"search_term_string\"}}],\"inLanguage\":\"de-AT\"},{\"@type\":\"Organization\",\"@id\":\"https:\\\/\\\/www.tourismfastforward.com\\\/2025\\\/#organization\",\"name\":\"Tourism Fast Forward\",\"url\":\"https:\\\/\\\/www.tourismfastforward.com\\\/2025\\\/\",\"logo\":{\"@type\":\"ImageObject\",\"inLanguage\":\"de-AT\",\"@id\":\"https:\\\/\\\/www.tourismfastforward.com\\\/2025\\\/#\\\/schema\\\/logo\\\/image\\\/\",\"url\":\"https:\\\/\\\/www.tourismfastforward.com\\\/2021\\\/wp-content\\\/uploads\\\/2017\\\/11\\\/Logo_TFF.jpg\",\"contentUrl\":\"https:\\\/\\\/www.tourismfastforward.com\\\/2021\\\/wp-content\\\/uploads\\\/2017\\\/11\\\/Logo_TFF.jpg\",\"width\":100,\"height\":103,\"caption\":\"Tourism Fast Forward\"},\"image\":{\"@id\":\"https:\\\/\\\/www.tourismfastforward.com\\\/2025\\\/#\\\/schema\\\/logo\\\/image\\\/\"},\"sameAs\":[\"https:\\\/\\\/www.facebook.com\\\/tourismfastforward\",\"https:\\\/\\\/x.com\\\/tourismff\",\"https:\\\/\\\/www.linkedin.com\\\/groups\\\/6834532\",\"https:\\\/\\\/www.youtube.com\\\/channel\\\/UCxFatA_qY5C12HJeEpLQ-VA\"]}]}<\/script>\n<!-- \/ Yoast SEO plugin. -->","yoast_head_json":{"title":"About - Die Konferenz f\u00fcr innovative Technologien im Tourismus","robots":{"index":"index","follow":"follow","max-snippet":"max-snippet:-1","max-image-preview":"max-image-preview:large","max-video-preview":"max-video-preview:-1"},"canonical":"https:\/\/www.tourismfastforward.com\/2025\/about\/","og_locale":"de_DE","og_type":"article","og_title":"About - Die Konferenz f\u00fcr innovative Technologien im Tourismus","og_description":"[vc_row css=&#8220;.vc_custom_1516891102765{padding-top: 200px !important;padding-bottom: 100px !important;}&#8220;][vc_column][vc_custom_heading text=&#8220;About&#8220; font_container=&#8220;tag:h1|text_align:left&#8220; use_theme_fonts=&#8220;yes&#8220;][vc_separator css=&#8220;.vc_custom_1516800608812{padding-bottom: 50px !important;}&#8220;][vc_custom_heading text=&#8220;DIALOG DIGITALER TOURISMUS&#8220; font_container=&#8220;tag:h1|font_size:24|text_align:left|color:%237a7a7a&#8220; use_theme_fonts=&#8220;yes&#8220;][vc_column_text]TourismFastForward ist eine Veranstaltung zu Themen des eTourismus und findet einmal j\u00e4hrlich rollierend im Kongresszentrum Mayrhofen, im Kongresszentrum Gurgl Carat \u00d6tztal und im Kongresszentrum Hall in Tirol statt. Angefangen hat alles vor 2013. Damals beschlossen Prof. Dieter Fensel, Leiter &hellip; Continue reading &rarr;About","og_url":"https:\/\/www.tourismfastforward.com\/2025\/about\/","og_site_name":"Die Konferenz f\u00fcr innovative Technologien im Tourismus","article_publisher":"https:\/\/www.facebook.com\/tourismfastforward","article_modified_time":"2025-08-25T11:46:20+00:00","twitter_card":"summary_large_image","twitter_site":"@tourismff","twitter_misc":{"Gesch\u00e4tzte Lesezeit":"4 Minuten"},"schema":{"@context":"https:\/\/schema.org","@graph":[{"@type":"WebPage","@id":"https:\/\/www.tourismfastforward.com\/2025\/about\/","url":"https:\/\/www.tourismfastforward.com\/2025\/about\/","name":"About - Die Konferenz f\u00fcr innovative Technologien im Tourismus","isPartOf":{"@id":"https:\/\/www.tourismfastforward.com\/2025\/#website"},"datePublished":"2018-01-19T12:20:23+00:00","dateModified":"2025-08-25T11:46:20+00:00","breadcrumb":{"@id":"https:\/\/www.tourismfastforward.com\/2025\/about\/#breadcrumb"},"inLanguage":"de-AT","potentialAction":[{"@type":"ReadAction","target":["https:\/\/www.tourismfastforward.com\/2025\/about\/"]}]},{"@type":"BreadcrumbList","@id":"https:\/\/www.tourismfastforward.com\/2025\/about\/#breadcrumb","itemListElement":[{"@type":"ListItem","position":1,"name":"Startseite","item":"https:\/\/www.tourismfastforward.com\/2025\/"},{"@type":"ListItem","position":2,"name":"About"}]},{"@type":"WebSite","@id":"https:\/\/www.tourismfastforward.com\/2025\/#website","url":"https:\/\/www.tourismfastforward.com\/2025\/","name":"Die Konferenz f\u00fcr innovative Technologien im Tourismus","description":"Tourism Fast Forward 2025","publisher":{"@id":"https:\/\/www.tourismfastforward.com\/2025\/#organization"},"potentialAction":[{"@type":"SearchAction","target":{"@type":"EntryPoint","urlTemplate":"https:\/\/www.tourismfastforward.com\/2025\/?s={search_term_string}"},"query-input":{"@type":"PropertyValueSpecification","valueRequired":true,"valueName":"search_term_string"}}],"inLanguage":"de-AT"},{"@type":"Organization","@id":"https:\/\/www.tourismfastforward.com\/2025\/#organization","name":"Tourism Fast Forward","url":"https:\/\/www.tourismfastforward.com\/2025\/","logo":{"@type":"ImageObject","inLanguage":"de-AT","@id":"https:\/\/www.tourismfastforward.com\/2025\/#\/schema\/logo\/image\/","url":"https:\/\/www.tourismfastforward.com\/2021\/wp-content\/uploads\/2017\/11\/Logo_TFF.jpg","contentUrl":"https:\/\/www.tourismfastforward.com\/2021\/wp-content\/uploads\/2017\/11\/Logo_TFF.jpg","width":100,"height":103,"caption":"Tourism Fast Forward"},"image":{"@id":"https:\/\/www.tourismfastforward.com\/2025\/#\/schema\/logo\/image\/"},"sameAs":["https:\/\/www.facebook.com\/tourismfastforward","https:\/\/x.com\/tourismff","https:\/\/www.linkedin.com\/groups\/6834532","https:\/\/www.youtube.com\/channel\/UCxFatA_qY5C12HJeEpLQ-VA"]}]}},"_links":{"self":[{"href":"https:\/\/www.tourismfastforward.com\/2025\/wp-json\/wp\/v2\/pages\/9281","targetHints":{"allow":["GET"]}}],"collection":[{"href":"https:\/\/www.tourismfastforward.com\/2025\/wp-json\/wp\/v2\/pages"}],"about":[{"href":"https:\/\/www.tourismfastforward.com\/2025\/wp-json\/wp\/v2\/types\/page"}],"author":[{"embeddable":true,"href":"https:\/\/www.tourismfastforward.com\/2025\/wp-json\/wp\/v2\/users\/3"}],"replies":[{"embeddable":true,"href":"https:\/\/www.tourismfastforward.com\/2025\/wp-json\/wp\/v2\/comments?post=9281"}],"version-history":[{"count":41,"href":"https:\/\/www.tourismfastforward.com\/2025\/wp-json\/wp\/v2\/pages\/9281\/revisions"}],"predecessor-version":[{"id":11823,"href":"https:\/\/www.tourismfastforward.com\/2025\/wp-json\/wp\/v2\/pages\/9281\/revisions\/11823"}],"wp:attachment":[{"href":"https:\/\/www.tourismfastforward.com\/2025\/wp-json\/wp\/v2\/media?parent=9281"}],"curies":[{"name":"wp","href":"https:\/\/api.w.org\/{rel}","templated":true}]}}