{"id":10053,"date":"2018-05-03T15:12:16","date_gmt":"2018-05-03T13:12:16","guid":{"rendered":"https:\/\/www.tourismfastforward.com\/2018\/?page_id=10053"},"modified":"2025-08-25T13:25:39","modified_gmt":"2025-08-25T11:25:39","slug":"unterkunft","status":"publish","type":"page","link":"https:\/\/www.tourismfastforward.com\/2025\/unterkunft\/","title":{"rendered":"Anreise-Unterkunft"},"content":{"rendered":"<div class=\"wpb-content-wrapper\"><p>[vc_row css=&#8220;.vc_custom_1525445320827{margin-top: 120px !important;}&#8220;][vc_column]<\/p>\n<h3><strong>ANREISE:\u00a0<\/strong><span style=\"color: #000000;\"><strong>Stadtgraben 17, 6060 Hall in Tirol<\/strong><\/span><\/h3>\n<p><span style=\"color: #0000ff;\"><strong><a style=\"color: #0000ff;\" href=\"https:\/\/www.salzraum.at\/das-kurhaus-hall-in-tirol-eventlocation\/\" target=\"_blank\" rel=\"noopener\">Eventlocation Kurhaus Hall in Tirol<\/a><\/strong><\/span><\/p>\n<hr \/>\n<h3><strong>HOTEL:\u00a0<\/strong><\/h3>\n<p>F\u00fcr die TourismFastForward TeilnehmerInnen haben wir eines der TOP Hotels in unmittelbarer N\u00e4he von der Event Location &#8211; Kurhaus Hall in Tirol im Angebot.<\/p>\n<ul>\n<li>TFF-\u00dcbernachtungs-Package im <strong><a href=\"https:\/\/www.parkhotel-hall.com\/\" target=\"_blank\" rel=\"noopener\">4* Seminarhotel Parkhotel Hall in Tirol<\/a><\/strong><\/li>\n<li>Preis ist inkl. MwSt., exkl. Ortstaxe<\/li>\n<li>mit Direktverbindung zur TFF-Location<\/li>\n<li>inkl. reichhaltigem Fr\u00fchst\u00fccksbuffet<\/li>\n<li>inkl. freie Benutzung vom Wellnessbereich<\/li>\n<li>Buchung <strong><a href=\"mailto:info@parkhotel-hall.com\" target=\"_blank\" rel=\"noopener\">via Email an das Hotel<\/a> <\/strong>unter <strong>Angabe der Kennung:<\/strong> <strong>TFF2025<\/strong><\/li>\n<li>Buchung m\u00f6glich bis\u00a04 Wochen vor dem Kongresstermin!<\/li>\n<li><strong>Zimmer Kategorie Welzenbacher im Wei\u00dfen Turm mit Balkon<\/strong><br \/>\n02 Einzelzimmer \u201e160er bett\u201c &#8211; \u20ac 115,00 pro Zimmer &amp; Nacht inkl. Fr\u00fchst\u00fcck<br \/>\n11 Doppelzimmer \u201esingle use\u201c- \u20ac 129,00 pro Zimmer &amp; Nacht inkl. Fr\u00fchst\u00fcck<\/li>\n<li><strong>Zimmer Kategorie Comfort im Glasturm 1.-3. Etage<br \/>\n<\/strong>02 Einzelzimmer \u201e90er Bett\u201c &#8211; \u20ac 110,00 pro Zimmer &amp; Nacht inkl. Fr\u00fchst\u00fcck<br \/>\n02 Doppelzimmer \u201esingle use\u201c &#8211; \u20ac 139,00 pro Zimmer &amp; Nacht inkl. Fr\u00fchst\u00fcck<\/li>\n<li><strong>Zimmer Kategorie Superior im Glasturm 4.-7. Etage<br \/>\n<\/strong>01 Einzelzimmer \u201e140er Bett\u201c &#8211; \u20ac 135,00 pro Zimmer &amp; Nacht inkl. Fr\u00fchst\u00fcck<br \/>\n23 Doppelzimmer \u201esingle use\u201c &#8211; \u20ac 152,00 pro Zimmer &amp; Nacht inkl. Fr\u00fchst\u00fcckOrtstaxe: zzgl. \u20ac 2,60 pro Person und Nacht<br \/>\nGarage: zzgl. \u20ac 10,00 pro Auto &amp; Abstellplatz<br \/>\nCheck in ab 15:00 Uhr \/ Check-out bis 11:00 Uhr<br \/>\nDie Zimmerpreise verstehen sich inklusive reichhaltigen Fr\u00fchst\u00fccksbuffet, kostenlosen 24h Internet-Zugang (w-lan) &amp; freie Benutzung vom<br \/>\nWellnessbereich parkSpa.<\/li>\n<\/ul>\n<p><strong>Weitere Unterk\u00fcnfte<\/strong> finden Sie via: <strong><a href=\"https:\/\/www.hall-wattens.at\/de\/unterkuenfte.html?dateFrom=05.11.2025&amp;dateTo=06.11.2025&amp;adults1=1&amp;view=map&amp;interaction=true\" target=\"_blank\" rel=\"noopener\">Unterkunft via Hall-Wattens Tourismus<\/a><\/strong><br \/>\nIhr Ansprechpartner vor Ort f\u00fcr individuelle Anfragen \u00fcber alle Unterkunftsarten!<\/p>\n<p style=\"text-align: left;\">[\/vc_row][vc_row css=&#8220;.vc_custom_1525871121832{margin-top: 1px !important;margin-bottom: 1px !important;}&#8220;]<\/p>\n<p><img loading=\"lazy\" decoding=\"async\" class=\"alignnone size-medium wp-image-11566\" src=\"https:\/\/www.tourismfastforward.com\/2025\/wp-content\/uploads\/2024\/07\/hall-wattens-300x124.jpg\" alt=\"\" width=\"300\" height=\"124\" srcset=\"https:\/\/www.tourismfastforward.com\/2025\/wp-content\/uploads\/2024\/07\/hall-wattens-300x124.jpg 300w, https:\/\/www.tourismfastforward.com\/2025\/wp-content\/uploads\/2024\/07\/hall-wattens.jpg 450w\" sizes=\"auto, (max-width: 300px) 100vw, 300px\" \/><\/p>\n<p style=\"text-align: left;\">[vc_custom_heading text=&#8220;Hall-Wattens Tourismus<br \/>\nUnterer Stadtplatz 19<br \/>\nA-6060 Hall in Tirol<br \/>\nT +43 5223 455440&#8243; font_container=&#8220;tag:p|font_size:18px|text_align:left|color:%23666666|line_height:1&#8243; use_theme_fonts=&#8220;yes&#8220;][vc_column_text]<a href=\"info@hall-wattens.at\">info@hall-wattens.at<\/a>[\/vc_column_text]<\/p>\n<p style=\"text-align: left;\">\n<\/div>","protected":false},"excerpt":{"rendered":"<p>[vc_row css=&#8220;.vc_custom_1525445320827{margin-top: 120px !important;}&#8220;][vc_column] ANREISE:\u00a0Stadtgraben 17, 6060 Hall in Tirol Eventlocation Kurhaus Hall in Tirol HOTEL:\u00a0 F\u00fcr die TourismFastForward TeilnehmerInnen haben wir eines der TOP Hotels in unmittelbarer N\u00e4he von der Event Location &#8211; Kurhaus Hall in Tirol im Angebot. TFF-\u00dcbernachtungs-Package im 4* Seminarhotel Parkhotel Hall in Tirol Preis ist inkl. MwSt., exkl. Ortstaxe mit &hellip; <a href=\"https:\/\/www.tourismfastforward.com\/2025\/unterkunft\/\" class=\"more-link\">Continue reading <span class=\"meta-nav\">&rarr;<\/span><span class=\"screen-reader-text\">Anreise-Unterkunft<\/span> <\/a><\/p>\n","protected":false},"author":3,"featured_media":0,"parent":0,"menu_order":0,"comment_status":"closed","ping_status":"closed","template":"","meta":{"footnotes":""},"class_list":["post-10053","page","type-page","status-publish","hentry"],"yoast_head":"<!-- This site is optimized with the Yoast SEO plugin v27.4 - https:\/\/yoast.com\/product\/yoast-seo-wordpress\/ -->\n<title>Anreise-Unterkunft - Die Konferenz f\u00fcr innovative Technologien im Tourismus<\/title>\n<meta name=\"robots\" content=\"index, follow, max-snippet:-1, max-image-preview:large, max-video-preview:-1\" \/>\n<link rel=\"canonical\" href=\"https:\/\/www.tourismfastforward.com\/2025\/unterkunft\/\" \/>\n<meta property=\"og:locale\" content=\"de_DE\" \/>\n<meta property=\"og:type\" content=\"article\" \/>\n<meta property=\"og:title\" content=\"Anreise-Unterkunft - Die Konferenz f\u00fcr innovative Technologien im Tourismus\" \/>\n<meta property=\"og:description\" content=\"[vc_row css=&#8220;.vc_custom_1525445320827{margin-top: 120px !important;}&#8220;][vc_column] ANREISE:\u00a0Stadtgraben 17, 6060 Hall in Tirol Eventlocation Kurhaus Hall in Tirol HOTEL:\u00a0 F\u00fcr die TourismFastForward TeilnehmerInnen haben wir eines der TOP Hotels in unmittelbarer N\u00e4he von der Event Location &#8211; Kurhaus Hall in Tirol im Angebot. TFF-\u00dcbernachtungs-Package im 4* Seminarhotel Parkhotel Hall in Tirol Preis ist inkl. MwSt., exkl. Ortstaxe mit &hellip; Continue reading &rarr;Anreise-Unterkunft\" \/>\n<meta property=\"og:url\" content=\"https:\/\/www.tourismfastforward.com\/2025\/unterkunft\/\" \/>\n<meta property=\"og:site_name\" content=\"Die Konferenz f\u00fcr innovative Technologien im Tourismus\" \/>\n<meta property=\"article:publisher\" content=\"https:\/\/www.facebook.com\/tourismfastforward\" \/>\n<meta property=\"article:modified_time\" content=\"2025-08-25T11:25:39+00:00\" \/>\n<meta property=\"og:image\" content=\"https:\/\/www.tourismfastforward.com\/2025\/wp-content\/uploads\/2024\/07\/hall-wattens-300x124.jpg\" \/>\n<meta name=\"twitter:card\" content=\"summary_large_image\" \/>\n<meta name=\"twitter:site\" content=\"@tourismff\" \/>\n<meta name=\"twitter:label1\" content=\"Gesch\u00e4tzte Lesezeit\" \/>\n\t<meta name=\"twitter:data1\" content=\"1 Minute\" \/>\n<script type=\"application\/ld+json\" class=\"yoast-schema-graph\">{\"@context\":\"https:\\\/\\\/schema.org\",\"@graph\":[{\"@type\":\"WebPage\",\"@id\":\"https:\\\/\\\/www.tourismfastforward.com\\\/2025\\\/unterkunft\\\/\",\"url\":\"https:\\\/\\\/www.tourismfastforward.com\\\/2025\\\/unterkunft\\\/\",\"name\":\"Anreise-Unterkunft - Die Konferenz f\u00fcr innovative Technologien im Tourismus\",\"isPartOf\":{\"@id\":\"https:\\\/\\\/www.tourismfastforward.com\\\/2025\\\/#website\"},\"primaryImageOfPage\":{\"@id\":\"https:\\\/\\\/www.tourismfastforward.com\\\/2025\\\/unterkunft\\\/#primaryimage\"},\"image\":{\"@id\":\"https:\\\/\\\/www.tourismfastforward.com\\\/2025\\\/unterkunft\\\/#primaryimage\"},\"thumbnailUrl\":\"https:\\\/\\\/www.tourismfastforward.com\\\/2025\\\/wp-content\\\/uploads\\\/2024\\\/07\\\/hall-wattens-300x124.jpg\",\"datePublished\":\"2018-05-03T13:12:16+00:00\",\"dateModified\":\"2025-08-25T11:25:39+00:00\",\"breadcrumb\":{\"@id\":\"https:\\\/\\\/www.tourismfastforward.com\\\/2025\\\/unterkunft\\\/#breadcrumb\"},\"inLanguage\":\"de-AT\",\"potentialAction\":[{\"@type\":\"ReadAction\",\"target\":[\"https:\\\/\\\/www.tourismfastforward.com\\\/2025\\\/unterkunft\\\/\"]}]},{\"@type\":\"ImageObject\",\"inLanguage\":\"de-AT\",\"@id\":\"https:\\\/\\\/www.tourismfastforward.com\\\/2025\\\/unterkunft\\\/#primaryimage\",\"url\":\"https:\\\/\\\/www.tourismfastforward.com\\\/2025\\\/wp-content\\\/uploads\\\/2024\\\/07\\\/hall-wattens.jpg\",\"contentUrl\":\"https:\\\/\\\/www.tourismfastforward.com\\\/2025\\\/wp-content\\\/uploads\\\/2024\\\/07\\\/hall-wattens.jpg\",\"width\":450,\"height\":186},{\"@type\":\"BreadcrumbList\",\"@id\":\"https:\\\/\\\/www.tourismfastforward.com\\\/2025\\\/unterkunft\\\/#breadcrumb\",\"itemListElement\":[{\"@type\":\"ListItem\",\"position\":1,\"name\":\"Startseite\",\"item\":\"https:\\\/\\\/www.tourismfastforward.com\\\/2025\\\/\"},{\"@type\":\"ListItem\",\"position\":2,\"name\":\"Anreise-Unterkunft\"}]},{\"@type\":\"WebSite\",\"@id\":\"https:\\\/\\\/www.tourismfastforward.com\\\/2025\\\/#website\",\"url\":\"https:\\\/\\\/www.tourismfastforward.com\\\/2025\\\/\",\"name\":\"Die Konferenz f\u00fcr innovative Technologien im Tourismus\",\"description\":\"Tourism Fast Forward 2025\",\"publisher\":{\"@id\":\"https:\\\/\\\/www.tourismfastforward.com\\\/2025\\\/#organization\"},\"potentialAction\":[{\"@type\":\"SearchAction\",\"target\":{\"@type\":\"EntryPoint\",\"urlTemplate\":\"https:\\\/\\\/www.tourismfastforward.com\\\/2025\\\/?s={search_term_string}\"},\"query-input\":{\"@type\":\"PropertyValueSpecification\",\"valueRequired\":true,\"valueName\":\"search_term_string\"}}],\"inLanguage\":\"de-AT\"},{\"@type\":\"Organization\",\"@id\":\"https:\\\/\\\/www.tourismfastforward.com\\\/2025\\\/#organization\",\"name\":\"Tourism Fast Forward\",\"url\":\"https:\\\/\\\/www.tourismfastforward.com\\\/2025\\\/\",\"logo\":{\"@type\":\"ImageObject\",\"inLanguage\":\"de-AT\",\"@id\":\"https:\\\/\\\/www.tourismfastforward.com\\\/2025\\\/#\\\/schema\\\/logo\\\/image\\\/\",\"url\":\"https:\\\/\\\/www.tourismfastforward.com\\\/2021\\\/wp-content\\\/uploads\\\/2017\\\/11\\\/Logo_TFF.jpg\",\"contentUrl\":\"https:\\\/\\\/www.tourismfastforward.com\\\/2021\\\/wp-content\\\/uploads\\\/2017\\\/11\\\/Logo_TFF.jpg\",\"width\":100,\"height\":103,\"caption\":\"Tourism Fast Forward\"},\"image\":{\"@id\":\"https:\\\/\\\/www.tourismfastforward.com\\\/2025\\\/#\\\/schema\\\/logo\\\/image\\\/\"},\"sameAs\":[\"https:\\\/\\\/www.facebook.com\\\/tourismfastforward\",\"https:\\\/\\\/x.com\\\/tourismff\",\"https:\\\/\\\/www.linkedin.com\\\/groups\\\/6834532\",\"https:\\\/\\\/www.youtube.com\\\/channel\\\/UCxFatA_qY5C12HJeEpLQ-VA\"]}]}<\/script>\n<!-- \/ Yoast SEO plugin. -->","yoast_head_json":{"title":"Anreise-Unterkunft - Die Konferenz f\u00fcr innovative Technologien im Tourismus","robots":{"index":"index","follow":"follow","max-snippet":"max-snippet:-1","max-image-preview":"max-image-preview:large","max-video-preview":"max-video-preview:-1"},"canonical":"https:\/\/www.tourismfastforward.com\/2025\/unterkunft\/","og_locale":"de_DE","og_type":"article","og_title":"Anreise-Unterkunft - Die Konferenz f\u00fcr innovative Technologien im Tourismus","og_description":"[vc_row css=&#8220;.vc_custom_1525445320827{margin-top: 120px !important;}&#8220;][vc_column] ANREISE:\u00a0Stadtgraben 17, 6060 Hall in Tirol Eventlocation Kurhaus Hall in Tirol HOTEL:\u00a0 F\u00fcr die TourismFastForward TeilnehmerInnen haben wir eines der TOP Hotels in unmittelbarer N\u00e4he von der Event Location &#8211; Kurhaus Hall in Tirol im Angebot. TFF-\u00dcbernachtungs-Package im 4* Seminarhotel Parkhotel Hall in Tirol Preis ist inkl. MwSt., exkl. Ortstaxe mit &hellip; Continue reading &rarr;Anreise-Unterkunft","og_url":"https:\/\/www.tourismfastforward.com\/2025\/unterkunft\/","og_site_name":"Die Konferenz f\u00fcr innovative Technologien im Tourismus","article_publisher":"https:\/\/www.facebook.com\/tourismfastforward","article_modified_time":"2025-08-25T11:25:39+00:00","og_image":[{"url":"https:\/\/www.tourismfastforward.com\/2025\/wp-content\/uploads\/2024\/07\/hall-wattens-300x124.jpg","type":"","width":"","height":""}],"twitter_card":"summary_large_image","twitter_site":"@tourismff","twitter_misc":{"Gesch\u00e4tzte Lesezeit":"1 Minute"},"schema":{"@context":"https:\/\/schema.org","@graph":[{"@type":"WebPage","@id":"https:\/\/www.tourismfastforward.com\/2025\/unterkunft\/","url":"https:\/\/www.tourismfastforward.com\/2025\/unterkunft\/","name":"Anreise-Unterkunft - Die Konferenz f\u00fcr innovative Technologien im Tourismus","isPartOf":{"@id":"https:\/\/www.tourismfastforward.com\/2025\/#website"},"primaryImageOfPage":{"@id":"https:\/\/www.tourismfastforward.com\/2025\/unterkunft\/#primaryimage"},"image":{"@id":"https:\/\/www.tourismfastforward.com\/2025\/unterkunft\/#primaryimage"},"thumbnailUrl":"https:\/\/www.tourismfastforward.com\/2025\/wp-content\/uploads\/2024\/07\/hall-wattens-300x124.jpg","datePublished":"2018-05-03T13:12:16+00:00","dateModified":"2025-08-25T11:25:39+00:00","breadcrumb":{"@id":"https:\/\/www.tourismfastforward.com\/2025\/unterkunft\/#breadcrumb"},"inLanguage":"de-AT","potentialAction":[{"@type":"ReadAction","target":["https:\/\/www.tourismfastforward.com\/2025\/unterkunft\/"]}]},{"@type":"ImageObject","inLanguage":"de-AT","@id":"https:\/\/www.tourismfastforward.com\/2025\/unterkunft\/#primaryimage","url":"https:\/\/www.tourismfastforward.com\/2025\/wp-content\/uploads\/2024\/07\/hall-wattens.jpg","contentUrl":"https:\/\/www.tourismfastforward.com\/2025\/wp-content\/uploads\/2024\/07\/hall-wattens.jpg","width":450,"height":186},{"@type":"BreadcrumbList","@id":"https:\/\/www.tourismfastforward.com\/2025\/unterkunft\/#breadcrumb","itemListElement":[{"@type":"ListItem","position":1,"name":"Startseite","item":"https:\/\/www.tourismfastforward.com\/2025\/"},{"@type":"ListItem","position":2,"name":"Anreise-Unterkunft"}]},{"@type":"WebSite","@id":"https:\/\/www.tourismfastforward.com\/2025\/#website","url":"https:\/\/www.tourismfastforward.com\/2025\/","name":"Die Konferenz f\u00fcr innovative Technologien im Tourismus","description":"Tourism Fast Forward 2025","publisher":{"@id":"https:\/\/www.tourismfastforward.com\/2025\/#organization"},"potentialAction":[{"@type":"SearchAction","target":{"@type":"EntryPoint","urlTemplate":"https:\/\/www.tourismfastforward.com\/2025\/?s={search_term_string}"},"query-input":{"@type":"PropertyValueSpecification","valueRequired":true,"valueName":"search_term_string"}}],"inLanguage":"de-AT"},{"@type":"Organization","@id":"https:\/\/www.tourismfastforward.com\/2025\/#organization","name":"Tourism Fast Forward","url":"https:\/\/www.tourismfastforward.com\/2025\/","logo":{"@type":"ImageObject","inLanguage":"de-AT","@id":"https:\/\/www.tourismfastforward.com\/2025\/#\/schema\/logo\/image\/","url":"https:\/\/www.tourismfastforward.com\/2021\/wp-content\/uploads\/2017\/11\/Logo_TFF.jpg","contentUrl":"https:\/\/www.tourismfastforward.com\/2021\/wp-content\/uploads\/2017\/11\/Logo_TFF.jpg","width":100,"height":103,"caption":"Tourism Fast Forward"},"image":{"@id":"https:\/\/www.tourismfastforward.com\/2025\/#\/schema\/logo\/image\/"},"sameAs":["https:\/\/www.facebook.com\/tourismfastforward","https:\/\/x.com\/tourismff","https:\/\/www.linkedin.com\/groups\/6834532","https:\/\/www.youtube.com\/channel\/UCxFatA_qY5C12HJeEpLQ-VA"]}]}},"_links":{"self":[{"href":"https:\/\/www.tourismfastforward.com\/2025\/wp-json\/wp\/v2\/pages\/10053","targetHints":{"allow":["GET"]}}],"collection":[{"href":"https:\/\/www.tourismfastforward.com\/2025\/wp-json\/wp\/v2\/pages"}],"about":[{"href":"https:\/\/www.tourismfastforward.com\/2025\/wp-json\/wp\/v2\/types\/page"}],"author":[{"embeddable":true,"href":"https:\/\/www.tourismfastforward.com\/2025\/wp-json\/wp\/v2\/users\/3"}],"replies":[{"embeddable":true,"href":"https:\/\/www.tourismfastforward.com\/2025\/wp-json\/wp\/v2\/comments?post=10053"}],"version-history":[{"count":118,"href":"https:\/\/www.tourismfastforward.com\/2025\/wp-json\/wp\/v2\/pages\/10053\/revisions"}],"predecessor-version":[{"id":11818,"href":"https:\/\/www.tourismfastforward.com\/2025\/wp-json\/wp\/v2\/pages\/10053\/revisions\/11818"}],"wp:attachment":[{"href":"https:\/\/www.tourismfastforward.com\/2025\/wp-json\/wp\/v2\/media?parent=10053"}],"curies":[{"name":"wp","href":"https:\/\/api.w.org\/{rel}","templated":true}]}}