{"id":9563,"date":"2018-01-25T12:22:30","date_gmt":"2018-01-25T11:22:30","guid":{"rendered":"https:\/\/testwebsite.tourismfastforward.com\/2018\/?page_id=9563"},"modified":"2023-08-14T12:50:32","modified_gmt":"2023-08-14T10:50:32","slug":"tickets","status":"publish","type":"page","link":"https:\/\/www.tourismfastforward.com\/2023\/tickets\/","title":{"rendered":"Tickets"},"content":{"rendered":"<p>[vc_row css=&#8221;.vc_custom_1516879694589{padding-top: 100px !important;padding-bottom: 10px !important;}&#8221;][vc_column width=&#8221;1\/6&#8243;][\/vc_column][vc_column width=&#8221;2\/3&#8243;][vc_custom_heading text=&#8221;Tickets*:&#8221; font_container=&#8221;tag:h2|font_size:30|text_align:center&#8221;]<br \/>\n[vc_raw_html]JTVCZWFzeS1wcmljaW5nLXRhYmxlJTIwaWQlM0QlMjI5NTM5JTIyJTVE[\/vc_raw_html][\/vc_column][\/vc_row] [vc_row css=&#8221;.vc_custom_1517232371814{padding-top: 10px !important;padding-bottom: 10px !important;background-color: #f9f9f9 !important;}&#8221;]<br \/>\n[vc_column]<\/p>\n<h3 style=\"text-align: center;\"><strong>* Stornobedingungen:<\/strong><\/h3>\n<p style=\"text-align: center;\">Bei schriftlicher Absage bis 19. November 2023<br \/>\nerstatten wir 50 % der Geb\u00fchr retour.<\/p>\n<p style=\"text-align: center;\">Bei Stornierungen zu einem sp\u00e4teren Zeitpunkt erfolgt keine R\u00fcckerstattung.<\/p>\n<h3 style=\"text-align: center;\">Kontakt bei Fragen:<br \/>\n<a href=\"mailto:office@europahaus.at\">office@europahaus.at<\/a><\/h3>\n<h3 style=\"text-align: center;\"><strong>TFF Unterkunfts-Angebot:<\/strong><\/h3>\n<p style=\"text-align: center;\"><a href=\"https:\/\/www.tourismfastforward.com\/2023\/unterkunft\/\" target=\"_blank\" rel=\"noopener\">HIER <\/a>finden Sie Informationen zum speziellen TFF-Unterkunfts-Angebot.<\/p>\n<p>[vc_custom_heading text=&#8221;Was dich erwartet:&#8221; font_container=&#8221;tag:h2|text_align:center&#8221;][vc_column_text]<\/p>\n<p style=\"text-align: center;\">Leitthema 2023: &#8220;<strong>Navigating Tourism Nexus: Interoperabilit\u00e4t, Daten-Prozesse und Innovationen<\/strong>&#8220;<\/p>\n<p style=\"text-align: center;\"><strong>Anfang September 2023 werden wir das Programm im Detail bekannt geben<\/strong>.<br \/>\nTourismFastForward bietet wieder hochkar\u00e4tige Key-Notes, use-cases und best-practice aus dem Tourismus sowie ein Workshop im Laufe des Nachmittags.<\/p>\n<p style=\"text-align: center;\">TourismFastForward die Konferenz zum aktiven Netzwerken mit Branchenexperten aus den Bereichen Hotellerie, Bergbahnen,<br \/>\nDestinationsmanagement, IT\/Travel-Technologie, Marketing, Consulting und Wissenschaft. Im Fokus steht die Digitalisierung im<br \/>\nTourismus und innovative Technologien im Tourismuskontext. Experten und Unternehmen pr\u00e4sentieren neueste Trends, Technologien<br \/>\nund Innovationen als auch heimische Praxisbeispiele und Erfolgsprojekte &#8211; grenz\u00fcberschreitend und interdisziplin\u00e4r.<\/p>\n<p style=\"text-align: center;\"><strong>News und Speaker Profile laufend auch via\u00a0<a href=\"https:\/\/www.linkedin.com\/company\/79747629\" target=\"_blank\" rel=\"noopener\">LINKEDIN TFF-Seite<\/a><\/strong>, weitere Infos in der\u00a0<strong><a href=\"https:\/\/www.linkedin.com\/groups\/6834532\/\" target=\"_blank\" rel=\"noopener\">TFF LinkedIn-Group<\/a>.<\/strong><\/p>\n<p class=\"rich-text-paragraph\">\n<p>&nbsp;<\/p>\n","protected":false},"excerpt":{"rendered":"<p>[vc_row css=&#8221;.vc_custom_1516879694589{padding-top: 100px !important;padding-bottom: 10px !important;}&#8221;][vc_column width=&#8221;1\/6&#8243;][\/vc_column][vc_column width=&#8221;2\/3&#8243;][vc_custom_heading text=&#8221;Tickets*:&#8221; font_container=&#8221;tag:h2|font_size:30|text_align:center&#8221;] [vc_raw_html]JTVCZWFzeS1wcmljaW5nLXRhYmxlJTIwaWQlM0QlMjI5NTM5JTIyJTVE[\/vc_raw_html][\/vc_column][\/vc_row] [vc_row css=&#8221;.vc_custom_1517232371814{padding-top: 10px !important;padding-bottom: 10px !important;background-color: #f9f9f9 !important;}&#8221;] [vc_column] * Stornobedingungen: Bei schriftlicher Absage bis 19. November 2023 erstatten wir 50 % der Geb\u00fchr retour. Bei Stornierungen zu einem sp\u00e4teren Zeitpunkt erfolgt keine R\u00fcckerstattung. Kontakt bei Fragen: office@europahaus.at TFF Unterkunfts-Angebot: HIER finden Sie Informationen &hellip; <a href=\"https:\/\/www.tourismfastforward.com\/2023\/tickets\/\" class=\"more-link\">Continue reading <span class=\"meta-nav\">&rarr;<\/span><span class=\"screen-reader-text\">Tickets<\/span> <\/a><\/p>\n","protected":false},"author":3,"featured_media":0,"parent":0,"menu_order":0,"comment_status":"closed","ping_status":"closed","template":"","meta":{"footnotes":""},"class_list":["post-9563","page","type-page","status-publish","hentry"],"yoast_head":"<!-- This site is optimized with the Yoast SEO plugin v27.5 - https:\/\/yoast.com\/product\/yoast-seo-wordpress\/ -->\n<title>Tickets - Die Konferenz f\u00fcr innovative Technologien im Tourismus<\/title>\n<meta name=\"description\" content=\"Mein Konferenz Ticket gibt\u2019s hier\" \/>\n<meta name=\"robots\" content=\"index, follow, max-snippet:-1, max-image-preview:large, max-video-preview:-1\" \/>\n<link rel=\"canonical\" href=\"https:\/\/www.tourismfastforward.com\/2023\/tickets\/\" \/>\n<meta property=\"og:locale\" content=\"en_US\" \/>\n<meta property=\"og:type\" content=\"article\" \/>\n<meta property=\"og:title\" content=\"Tickets - Die Konferenz f\u00fcr innovative Technologien im Tourismus\" \/>\n<meta property=\"og:description\" content=\"Mein Konferenz Ticket gibt\u2019s hier\" \/>\n<meta property=\"og:url\" content=\"https:\/\/www.tourismfastforward.com\/2023\/tickets\/\" \/>\n<meta property=\"og:site_name\" content=\"Die Konferenz f\u00fcr innovative Technologien im Tourismus\" \/>\n<meta property=\"article:publisher\" content=\"https:\/\/www.facebook.com\/tourismfastforward\" \/>\n<meta property=\"article:modified_time\" content=\"2023-08-14T10:50:32+00:00\" \/>\n<meta name=\"twitter:card\" content=\"summary_large_image\" \/>\n<meta name=\"twitter:site\" content=\"@tourismff\" \/>\n<meta name=\"twitter:label1\" content=\"Est. reading time\" \/>\n\t<meta name=\"twitter:data1\" content=\"1 minute\" \/>\n<script type=\"application\/ld+json\" class=\"yoast-schema-graph\">{\"@context\":\"https:\\\/\\\/schema.org\",\"@graph\":[{\"@type\":\"WebPage\",\"@id\":\"https:\\\/\\\/www.tourismfastforward.com\\\/2023\\\/tickets\\\/\",\"url\":\"https:\\\/\\\/www.tourismfastforward.com\\\/2023\\\/tickets\\\/\",\"name\":\"Tickets - Die Konferenz f\u00fcr innovative Technologien im Tourismus\",\"isPartOf\":{\"@id\":\"https:\\\/\\\/www.tourismfastforward.com\\\/2023\\\/#website\"},\"datePublished\":\"2018-01-25T11:22:30+00:00\",\"dateModified\":\"2023-08-14T10:50:32+00:00\",\"description\":\"Mein Konferenz Ticket gibt\u2019s hier\",\"breadcrumb\":{\"@id\":\"https:\\\/\\\/www.tourismfastforward.com\\\/2023\\\/tickets\\\/#breadcrumb\"},\"inLanguage\":\"en-US\",\"potentialAction\":[{\"@type\":\"ReadAction\",\"target\":[\"https:\\\/\\\/www.tourismfastforward.com\\\/2023\\\/tickets\\\/\"]}]},{\"@type\":\"BreadcrumbList\",\"@id\":\"https:\\\/\\\/www.tourismfastforward.com\\\/2023\\\/tickets\\\/#breadcrumb\",\"itemListElement\":[{\"@type\":\"ListItem\",\"position\":1,\"name\":\"Startseite\",\"item\":\"https:\\\/\\\/www.tourismfastforward.com\\\/2023\\\/\"},{\"@type\":\"ListItem\",\"position\":2,\"name\":\"Tickets\"}]},{\"@type\":\"WebSite\",\"@id\":\"https:\\\/\\\/www.tourismfastforward.com\\\/2023\\\/#website\",\"url\":\"https:\\\/\\\/www.tourismfastforward.com\\\/2023\\\/\",\"name\":\"Die Konferenz f\u00fcr innovative Technologien im Tourismus\",\"description\":\"Tourism Fast Forward 2023\",\"publisher\":{\"@id\":\"https:\\\/\\\/www.tourismfastforward.com\\\/2023\\\/#organization\"},\"potentialAction\":[{\"@type\":\"SearchAction\",\"target\":{\"@type\":\"EntryPoint\",\"urlTemplate\":\"https:\\\/\\\/www.tourismfastforward.com\\\/2023\\\/?s={search_term_string}\"},\"query-input\":{\"@type\":\"PropertyValueSpecification\",\"valueRequired\":true,\"valueName\":\"search_term_string\"}}],\"inLanguage\":\"en-US\"},{\"@type\":\"Organization\",\"@id\":\"https:\\\/\\\/www.tourismfastforward.com\\\/2023\\\/#organization\",\"name\":\"Tourism Fast Forward\",\"url\":\"https:\\\/\\\/www.tourismfastforward.com\\\/2023\\\/\",\"logo\":{\"@type\":\"ImageObject\",\"inLanguage\":\"en-US\",\"@id\":\"https:\\\/\\\/www.tourismfastforward.com\\\/2023\\\/#\\\/schema\\\/logo\\\/image\\\/\",\"url\":\"https:\\\/\\\/www.tourismfastforward.com\\\/2021\\\/wp-content\\\/uploads\\\/2017\\\/11\\\/Logo_TFF.jpg\",\"contentUrl\":\"https:\\\/\\\/www.tourismfastforward.com\\\/2021\\\/wp-content\\\/uploads\\\/2017\\\/11\\\/Logo_TFF.jpg\",\"width\":100,\"height\":103,\"caption\":\"Tourism Fast Forward\"},\"image\":{\"@id\":\"https:\\\/\\\/www.tourismfastforward.com\\\/2023\\\/#\\\/schema\\\/logo\\\/image\\\/\"},\"sameAs\":[\"https:\\\/\\\/www.facebook.com\\\/tourismfastforward\",\"https:\\\/\\\/x.com\\\/tourismff\",\"https:\\\/\\\/www.linkedin.com\\\/groups\\\/6834532\",\"https:\\\/\\\/www.youtube.com\\\/channel\\\/UCxFatA_qY5C12HJeEpLQ-VA\"]}]}<\/script>\n<!-- \/ Yoast SEO plugin. -->","yoast_head_json":{"title":"Tickets - Die Konferenz f\u00fcr innovative Technologien im Tourismus","description":"Mein Konferenz Ticket gibt\u2019s hier","robots":{"index":"index","follow":"follow","max-snippet":"max-snippet:-1","max-image-preview":"max-image-preview:large","max-video-preview":"max-video-preview:-1"},"canonical":"https:\/\/www.tourismfastforward.com\/2023\/tickets\/","og_locale":"en_US","og_type":"article","og_title":"Tickets - Die Konferenz f\u00fcr innovative Technologien im Tourismus","og_description":"Mein Konferenz Ticket gibt\u2019s hier","og_url":"https:\/\/www.tourismfastforward.com\/2023\/tickets\/","og_site_name":"Die Konferenz f\u00fcr innovative Technologien im Tourismus","article_publisher":"https:\/\/www.facebook.com\/tourismfastforward","article_modified_time":"2023-08-14T10:50:32+00:00","twitter_card":"summary_large_image","twitter_site":"@tourismff","twitter_misc":{"Est. reading time":"1 minute"},"schema":{"@context":"https:\/\/schema.org","@graph":[{"@type":"WebPage","@id":"https:\/\/www.tourismfastforward.com\/2023\/tickets\/","url":"https:\/\/www.tourismfastforward.com\/2023\/tickets\/","name":"Tickets - Die Konferenz f\u00fcr innovative Technologien im Tourismus","isPartOf":{"@id":"https:\/\/www.tourismfastforward.com\/2023\/#website"},"datePublished":"2018-01-25T11:22:30+00:00","dateModified":"2023-08-14T10:50:32+00:00","description":"Mein Konferenz Ticket gibt\u2019s hier","breadcrumb":{"@id":"https:\/\/www.tourismfastforward.com\/2023\/tickets\/#breadcrumb"},"inLanguage":"en-US","potentialAction":[{"@type":"ReadAction","target":["https:\/\/www.tourismfastforward.com\/2023\/tickets\/"]}]},{"@type":"BreadcrumbList","@id":"https:\/\/www.tourismfastforward.com\/2023\/tickets\/#breadcrumb","itemListElement":[{"@type":"ListItem","position":1,"name":"Startseite","item":"https:\/\/www.tourismfastforward.com\/2023\/"},{"@type":"ListItem","position":2,"name":"Tickets"}]},{"@type":"WebSite","@id":"https:\/\/www.tourismfastforward.com\/2023\/#website","url":"https:\/\/www.tourismfastforward.com\/2023\/","name":"Die Konferenz f\u00fcr innovative Technologien im Tourismus","description":"Tourism Fast Forward 2023","publisher":{"@id":"https:\/\/www.tourismfastforward.com\/2023\/#organization"},"potentialAction":[{"@type":"SearchAction","target":{"@type":"EntryPoint","urlTemplate":"https:\/\/www.tourismfastforward.com\/2023\/?s={search_term_string}"},"query-input":{"@type":"PropertyValueSpecification","valueRequired":true,"valueName":"search_term_string"}}],"inLanguage":"en-US"},{"@type":"Organization","@id":"https:\/\/www.tourismfastforward.com\/2023\/#organization","name":"Tourism Fast Forward","url":"https:\/\/www.tourismfastforward.com\/2023\/","logo":{"@type":"ImageObject","inLanguage":"en-US","@id":"https:\/\/www.tourismfastforward.com\/2023\/#\/schema\/logo\/image\/","url":"https:\/\/www.tourismfastforward.com\/2021\/wp-content\/uploads\/2017\/11\/Logo_TFF.jpg","contentUrl":"https:\/\/www.tourismfastforward.com\/2021\/wp-content\/uploads\/2017\/11\/Logo_TFF.jpg","width":100,"height":103,"caption":"Tourism Fast Forward"},"image":{"@id":"https:\/\/www.tourismfastforward.com\/2023\/#\/schema\/logo\/image\/"},"sameAs":["https:\/\/www.facebook.com\/tourismfastforward","https:\/\/x.com\/tourismff","https:\/\/www.linkedin.com\/groups\/6834532","https:\/\/www.youtube.com\/channel\/UCxFatA_qY5C12HJeEpLQ-VA"]}]}},"_links":{"self":[{"href":"https:\/\/www.tourismfastforward.com\/2023\/wp-json\/wp\/v2\/pages\/9563","targetHints":{"allow":["GET"]}}],"collection":[{"href":"https:\/\/www.tourismfastforward.com\/2023\/wp-json\/wp\/v2\/pages"}],"about":[{"href":"https:\/\/www.tourismfastforward.com\/2023\/wp-json\/wp\/v2\/types\/page"}],"author":[{"embeddable":true,"href":"https:\/\/www.tourismfastforward.com\/2023\/wp-json\/wp\/v2\/users\/3"}],"replies":[{"embeddable":true,"href":"https:\/\/www.tourismfastforward.com\/2023\/wp-json\/wp\/v2\/comments?post=9563"}],"version-history":[{"count":60,"href":"https:\/\/www.tourismfastforward.com\/2023\/wp-json\/wp\/v2\/pages\/9563\/revisions"}],"predecessor-version":[{"id":11374,"href":"https:\/\/www.tourismfastforward.com\/2023\/wp-json\/wp\/v2\/pages\/9563\/revisions\/11374"}],"wp:attachment":[{"href":"https:\/\/www.tourismfastforward.com\/2023\/wp-json\/wp\/v2\/media?parent=9563"}],"curies":[{"name":"wp","href":"https:\/\/api.w.org\/{rel}","templated":true}]}}