{"id":10053,"date":"2018-05-03T15:12:16","date_gmt":"2018-05-03T13:12:16","guid":{"rendered":"https:\/\/www.tourismfastforward.com\/2018\/?page_id=10053"},"modified":"2021-08-03T16:17:28","modified_gmt":"2021-08-03T14:17:28","slug":"unterkunft","status":"publish","type":"page","link":"https:\/\/www.tourismfastforward.com\/2021\/unterkunft\/","title":{"rendered":"unterkunft"},"content":{"rendered":"<p>[vc_row css=&#8221;.vc_custom_1525445320827{margin-top: 200px !important;}&#8221;][vc_column][pbr_block_heading title=&#8221;Unterkunft&#8221;]<\/p>\n<h3><strong>ERM\u00c4SSIGTE UNTERKUNFT:\u00a0<\/strong><\/h3>\n<p>\u20ac 95,- pro \u00dcbernachtung im Einzelzimmer mit Fr\u00fchst\u00fcck zuz\u00fcglich Ortstaxe \u20ac 2,20<\/p>\n<h3><strong>Bitte Kennwort &#8220;TFF&#8221; bei Buchung angeben.<\/strong><\/h3>\n<p><strong>Alpendomizil Neuhaus 4*<\/strong><br \/>\nFamilie Josef Moigg<br \/>\nAm Marktplatz 202<br \/>\n6290 Mayrhofen<br \/>\nT + 43 5285 6703<br \/>\n<a href=\"mailto:info@alpendomizil.at\">info@alpendomizil.at<\/a><br \/>\n<a href=\"http:\/\/www.alpendomizil.at\">www.alpendomizil.at<\/a><\/p>\n<p>Unsere empfohlene Unterkunft befindet sich in unmittelbarer Nachbarschaft in Fussweite von 200m zum Kongress.<\/p>\n<p>Weitere Unterk\u00fcnfte finden Sie via: <a href=\"http:\/\/www.mayrhofen.at\" rel=\"noopener\" target=\"_blank\">Mayrhofen-Hippach<\/a><br \/>\nIhr Ansprechpartner vor Ort f\u00fcr individuelle Anfragen \u00fcber alle Unterkunftsarten!<\/p>\n<p>[\/pbr_block_heading][\/vc_column][\/vc_row][vc_row css=&#8221;.vc_custom_1525871121832{margin-top: 50px !important;margin-bottom: 20px !important;}&#8221;][vc_column width=&#8221;1\/3&#8243;][vc_single_image image=&#8221;10103&#8243; img_size=&#8221;medium&#8221;][vc_custom_heading text=&#8221;Tourismusverband Mayrhofen-Hippach<br \/>\nDurster Str. 225<br \/>\n6290 Mayrhofen<br \/>\nTel. +43 (0) 5285 6760&#8243; font_container=&#8221;tag:p|font_size:18px|text_align:left|color:%23666666|line_height:1&#8243; use_theme_fonts=&#8221;yes&#8221;][vc_column_text]<a \nhref=\"mailto:info@mayrhofen.at\">info@mayrhofen.at<\/a>[\/vc_column_text]<\/p>\n","protected":false},"excerpt":{"rendered":"<p>[vc_row css=&#8221;.vc_custom_1525445320827{margin-top: 200px !important;}&#8221;][vc_column][pbr_block_heading title=&#8221;Unterkunft&#8221;] ERM\u00c4SSIGTE UNTERKUNFT:\u00a0 \u20ac 95,- pro \u00dcbernachtung im Einzelzimmer mit Fr\u00fchst\u00fcck zuz\u00fcglich Ortstaxe \u20ac 2,20 Bitte Kennwort &#8220;TFF&#8221; bei Buchung angeben. Alpendomizil Neuhaus 4* Familie Josef Moigg Am Marktplatz 202 6290 Mayrhofen T + 43 5285 6703 info@alpendomizil.at www.alpendomizil.at Unsere empfohlene Unterkunft befindet sich in unmittelbarer Nachbarschaft in Fussweite von 200m &hellip; <a href=\"https:\/\/www.tourismfastforward.com\/2021\/unterkunft\/\" class=\"more-link\">Continue reading <span class=\"meta-nav\">&rarr;<\/span><span class=\"screen-reader-text\">unterkunft<\/span> <\/a><\/p>\n","protected":false},"author":3,"featured_media":0,"parent":0,"menu_order":0,"comment_status":"closed","ping_status":"closed","template":"","meta":{"footnotes":""},"class_list":["post-10053","page","type-page","status-publish","hentry"],"yoast_head":"<!-- This site is optimized with the Yoast SEO plugin v27.3 - https:\/\/yoast.com\/product\/yoast-seo-wordpress\/ -->\n<title>unterkunft - Die Konferenz f\u00fcr innovative Technologien im Tourismus<\/title>\n<meta name=\"robots\" content=\"index, follow, max-snippet:-1, max-image-preview:large, max-video-preview:-1\" \/>\n<link rel=\"canonical\" href=\"https:\/\/www.tourismfastforward.com\/2021\/unterkunft\/\" \/>\n<meta property=\"og:locale\" content=\"en_US\" \/>\n<meta property=\"og:type\" content=\"article\" \/>\n<meta property=\"og:title\" content=\"unterkunft - Die Konferenz f\u00fcr innovative Technologien im Tourismus\" \/>\n<meta property=\"og:description\" content=\"[vc_row css=&#8221;.vc_custom_1525445320827{margin-top: 200px !important;}&#8221;][vc_column][pbr_block_heading title=&#8221;Unterkunft&#8221;] ERM\u00c4SSIGTE UNTERKUNFT:\u00a0 \u20ac 95,- pro \u00dcbernachtung im Einzelzimmer mit Fr\u00fchst\u00fcck zuz\u00fcglich Ortstaxe \u20ac 2,20 Bitte Kennwort &#8220;TFF&#8221; bei Buchung angeben. Alpendomizil Neuhaus 4* Familie Josef Moigg Am Marktplatz 202 6290 Mayrhofen T + 43 5285 6703 info@alpendomizil.at www.alpendomizil.at Unsere empfohlene Unterkunft befindet sich in unmittelbarer Nachbarschaft in Fussweite von 200m &hellip; Continue reading &rarr;unterkunft\" \/>\n<meta property=\"og:url\" content=\"https:\/\/www.tourismfastforward.com\/2021\/unterkunft\/\" \/>\n<meta property=\"og:site_name\" content=\"Die Konferenz f\u00fcr innovative Technologien im Tourismus\" \/>\n<meta property=\"article:publisher\" content=\"https:\/\/www.facebook.com\/tourismfastforward\" \/>\n<meta property=\"article:modified_time\" content=\"2021-08-03T14:17:28+00:00\" \/>\n<meta name=\"twitter:card\" content=\"summary_large_image\" \/>\n<meta name=\"twitter:site\" content=\"@tourismff\" \/>\n<meta name=\"twitter:label1\" content=\"Est. reading time\" \/>\n\t<meta name=\"twitter:data1\" content=\"1 minute\" \/>\n<script type=\"application\/ld+json\" class=\"yoast-schema-graph\">{\"@context\":\"https:\\\/\\\/schema.org\",\"@graph\":[{\"@type\":\"WebPage\",\"@id\":\"https:\\\/\\\/www.tourismfastforward.com\\\/2021\\\/unterkunft\\\/\",\"url\":\"https:\\\/\\\/www.tourismfastforward.com\\\/2021\\\/unterkunft\\\/\",\"name\":\"unterkunft - Die Konferenz f\u00fcr innovative Technologien im Tourismus\",\"isPartOf\":{\"@id\":\"https:\\\/\\\/www.tourismfastforward.com\\\/2021\\\/#website\"},\"datePublished\":\"2018-05-03T13:12:16+00:00\",\"dateModified\":\"2021-08-03T14:17:28+00:00\",\"breadcrumb\":{\"@id\":\"https:\\\/\\\/www.tourismfastforward.com\\\/2021\\\/unterkunft\\\/#breadcrumb\"},\"inLanguage\":\"en-US\",\"potentialAction\":[{\"@type\":\"ReadAction\",\"target\":[\"https:\\\/\\\/www.tourismfastforward.com\\\/2021\\\/unterkunft\\\/\"]}]},{\"@type\":\"BreadcrumbList\",\"@id\":\"https:\\\/\\\/www.tourismfastforward.com\\\/2021\\\/unterkunft\\\/#breadcrumb\",\"itemListElement\":[{\"@type\":\"ListItem\",\"position\":1,\"name\":\"Startseite\",\"item\":\"https:\\\/\\\/www.tourismfastforward.com\\\/2021\\\/\"},{\"@type\":\"ListItem\",\"position\":2,\"name\":\"unterkunft\"}]},{\"@type\":\"WebSite\",\"@id\":\"https:\\\/\\\/www.tourismfastforward.com\\\/2021\\\/#website\",\"url\":\"https:\\\/\\\/www.tourismfastforward.com\\\/2021\\\/\",\"name\":\"Die Konferenz f\u00fcr innovative Technologien im Tourismus\",\"description\":\"Tourism Fast Forward 2021\",\"publisher\":{\"@id\":\"https:\\\/\\\/www.tourismfastforward.com\\\/2021\\\/#organization\"},\"potentialAction\":[{\"@type\":\"SearchAction\",\"target\":{\"@type\":\"EntryPoint\",\"urlTemplate\":\"https:\\\/\\\/www.tourismfastforward.com\\\/2021\\\/?s={search_term_string}\"},\"query-input\":{\"@type\":\"PropertyValueSpecification\",\"valueRequired\":true,\"valueName\":\"search_term_string\"}}],\"inLanguage\":\"en-US\"},{\"@type\":\"Organization\",\"@id\":\"https:\\\/\\\/www.tourismfastforward.com\\\/2021\\\/#organization\",\"name\":\"Tourism Fast Forward\",\"url\":\"https:\\\/\\\/www.tourismfastforward.com\\\/2021\\\/\",\"logo\":{\"@type\":\"ImageObject\",\"inLanguage\":\"en-US\",\"@id\":\"https:\\\/\\\/www.tourismfastforward.com\\\/2021\\\/#\\\/schema\\\/logo\\\/image\\\/\",\"url\":\"https:\\\/\\\/www.tourismfastforward.com\\\/2021\\\/wp-content\\\/uploads\\\/2017\\\/11\\\/Logo_TFF.jpg\",\"contentUrl\":\"https:\\\/\\\/www.tourismfastforward.com\\\/2021\\\/wp-content\\\/uploads\\\/2017\\\/11\\\/Logo_TFF.jpg\",\"width\":100,\"height\":103,\"caption\":\"Tourism Fast Forward\"},\"image\":{\"@id\":\"https:\\\/\\\/www.tourismfastforward.com\\\/2021\\\/#\\\/schema\\\/logo\\\/image\\\/\"},\"sameAs\":[\"https:\\\/\\\/www.facebook.com\\\/tourismfastforward\",\"https:\\\/\\\/x.com\\\/tourismff\",\"https:\\\/\\\/www.linkedin.com\\\/groups\\\/6834532\",\"https:\\\/\\\/www.youtube.com\\\/channel\\\/UCxFatA_qY5C12HJeEpLQ-VA\"]}]}<\/script>\n<!-- \/ Yoast SEO plugin. -->","yoast_head_json":{"title":"unterkunft - Die Konferenz f\u00fcr innovative Technologien im Tourismus","robots":{"index":"index","follow":"follow","max-snippet":"max-snippet:-1","max-image-preview":"max-image-preview:large","max-video-preview":"max-video-preview:-1"},"canonical":"https:\/\/www.tourismfastforward.com\/2021\/unterkunft\/","og_locale":"en_US","og_type":"article","og_title":"unterkunft - Die Konferenz f\u00fcr innovative Technologien im Tourismus","og_description":"[vc_row css=&#8221;.vc_custom_1525445320827{margin-top: 200px !important;}&#8221;][vc_column][pbr_block_heading title=&#8221;Unterkunft&#8221;] ERM\u00c4SSIGTE UNTERKUNFT:\u00a0 \u20ac 95,- pro \u00dcbernachtung im Einzelzimmer mit Fr\u00fchst\u00fcck zuz\u00fcglich Ortstaxe \u20ac 2,20 Bitte Kennwort &#8220;TFF&#8221; bei Buchung angeben. Alpendomizil Neuhaus 4* Familie Josef Moigg Am Marktplatz 202 6290 Mayrhofen T + 43 5285 6703 info@alpendomizil.at www.alpendomizil.at Unsere empfohlene Unterkunft befindet sich in unmittelbarer Nachbarschaft in Fussweite von 200m &hellip; Continue reading &rarr;unterkunft","og_url":"https:\/\/www.tourismfastforward.com\/2021\/unterkunft\/","og_site_name":"Die Konferenz f\u00fcr innovative Technologien im Tourismus","article_publisher":"https:\/\/www.facebook.com\/tourismfastforward","article_modified_time":"2021-08-03T14:17:28+00:00","twitter_card":"summary_large_image","twitter_site":"@tourismff","twitter_misc":{"Est. reading time":"1 minute"},"schema":{"@context":"https:\/\/schema.org","@graph":[{"@type":"WebPage","@id":"https:\/\/www.tourismfastforward.com\/2021\/unterkunft\/","url":"https:\/\/www.tourismfastforward.com\/2021\/unterkunft\/","name":"unterkunft - Die Konferenz f\u00fcr innovative Technologien im Tourismus","isPartOf":{"@id":"https:\/\/www.tourismfastforward.com\/2021\/#website"},"datePublished":"2018-05-03T13:12:16+00:00","dateModified":"2021-08-03T14:17:28+00:00","breadcrumb":{"@id":"https:\/\/www.tourismfastforward.com\/2021\/unterkunft\/#breadcrumb"},"inLanguage":"en-US","potentialAction":[{"@type":"ReadAction","target":["https:\/\/www.tourismfastforward.com\/2021\/unterkunft\/"]}]},{"@type":"BreadcrumbList","@id":"https:\/\/www.tourismfastforward.com\/2021\/unterkunft\/#breadcrumb","itemListElement":[{"@type":"ListItem","position":1,"name":"Startseite","item":"https:\/\/www.tourismfastforward.com\/2021\/"},{"@type":"ListItem","position":2,"name":"unterkunft"}]},{"@type":"WebSite","@id":"https:\/\/www.tourismfastforward.com\/2021\/#website","url":"https:\/\/www.tourismfastforward.com\/2021\/","name":"Die Konferenz f\u00fcr innovative Technologien im Tourismus","description":"Tourism Fast Forward 2021","publisher":{"@id":"https:\/\/www.tourismfastforward.com\/2021\/#organization"},"potentialAction":[{"@type":"SearchAction","target":{"@type":"EntryPoint","urlTemplate":"https:\/\/www.tourismfastforward.com\/2021\/?s={search_term_string}"},"query-input":{"@type":"PropertyValueSpecification","valueRequired":true,"valueName":"search_term_string"}}],"inLanguage":"en-US"},{"@type":"Organization","@id":"https:\/\/www.tourismfastforward.com\/2021\/#organization","name":"Tourism Fast Forward","url":"https:\/\/www.tourismfastforward.com\/2021\/","logo":{"@type":"ImageObject","inLanguage":"en-US","@id":"https:\/\/www.tourismfastforward.com\/2021\/#\/schema\/logo\/image\/","url":"https:\/\/www.tourismfastforward.com\/2021\/wp-content\/uploads\/2017\/11\/Logo_TFF.jpg","contentUrl":"https:\/\/www.tourismfastforward.com\/2021\/wp-content\/uploads\/2017\/11\/Logo_TFF.jpg","width":100,"height":103,"caption":"Tourism Fast Forward"},"image":{"@id":"https:\/\/www.tourismfastforward.com\/2021\/#\/schema\/logo\/image\/"},"sameAs":["https:\/\/www.facebook.com\/tourismfastforward","https:\/\/x.com\/tourismff","https:\/\/www.linkedin.com\/groups\/6834532","https:\/\/www.youtube.com\/channel\/UCxFatA_qY5C12HJeEpLQ-VA"]}]}},"_links":{"self":[{"href":"https:\/\/www.tourismfastforward.com\/2021\/wp-json\/wp\/v2\/pages\/10053","targetHints":{"allow":["GET"]}}],"collection":[{"href":"https:\/\/www.tourismfastforward.com\/2021\/wp-json\/wp\/v2\/pages"}],"about":[{"href":"https:\/\/www.tourismfastforward.com\/2021\/wp-json\/wp\/v2\/types\/page"}],"author":[{"embeddable":true,"href":"https:\/\/www.tourismfastforward.com\/2021\/wp-json\/wp\/v2\/users\/3"}],"replies":[{"embeddable":true,"href":"https:\/\/www.tourismfastforward.com\/2021\/wp-json\/wp\/v2\/comments?post=10053"}],"version-history":[{"count":80,"href":"https:\/\/www.tourismfastforward.com\/2021\/wp-json\/wp\/v2\/pages\/10053\/revisions"}],"predecessor-version":[{"id":11039,"href":"https:\/\/www.tourismfastforward.com\/2021\/wp-json\/wp\/v2\/pages\/10053\/revisions\/11039"}],"wp:attachment":[{"href":"https:\/\/www.tourismfastforward.com\/2021\/wp-json\/wp\/v2\/media?parent=10053"}],"curies":[{"name":"wp","href":"https:\/\/api.w.org\/{rel}","templated":true}]}}