{"id":9563,"date":"2018-01-25T12:22:30","date_gmt":"2018-01-25T11:22:30","guid":{"rendered":"https:\/\/testwebsite.tourismfastforward.com\/2018\/?page_id=9563"},"modified":"2019-04-02T14:07:02","modified_gmt":"2019-04-02T12:07:02","slug":"tickets","status":"publish","type":"page","link":"https:\/\/www.tourismfastforward.com\/2019\/tickets\/","title":{"rendered":"Tickets"},"content":{"rendered":"<p>[vc_row css=&#8220;.vc_custom_1516879694589{padding-top: 200px !important;padding-bottom: 200px !important;}&#8220;][vc_column width=&#8220;1\/6&#8243;][\/vc_column][vc_column width=&#8220;2\/3&#8243;][vc_custom_heading text=&#8220;Anmeldung hier online oder via office@europahaus.at&#8220; font_container=&#8220;tag:h2|font_size:46|text_align:center&#8220; use_theme_fonts=&#8220;yes&#8220; css=&#8220;.vc_custom_1516880222234{padding-bottom: 100px !important;}&#8220;][vc_single_image image=&#8220;10738&#8243; img_size=&#8220;full&#8220;][vc_raw_html]JTVCZWFzeS1wcmljaW5nLXRhYmxlJTIwaWQlM0QlMjI5NTM5JTIyJTVE[\/vc_raw_html][\/vc_column][vc_column width=&#8220;1\/6&#8243;][\/vc_column][\/vc_row][vc_row][vc_column][vc_column_text]<\/p>\n<p style=\"text-align: center;\"><em>Stornobedingungen:<\/em><\/p>\n<p style=\"text-align: center;\"><em>Bei schriftlicher Absage bis 30. April 2019 erstatten wir 50 % der Geb\u00fchr retour.<\/em><\/p>\n<p style=\"text-align: center;\"><em>Bei Stornierungen zu einem sp\u00e4teren Zeitpunkt erfolgt keine R\u00fcckerstattung.<\/em><\/p>\n<p>[\/vc_column_text][vc_column_text]<\/p>\n<p>[\/vc_column_text][\/vc_column][\/vc_row]<\/p>\n","protected":false},"excerpt":{"rendered":"<p>[vc_row css=&#8220;.vc_custom_1516879694589{padding-top: 200px !important;padding-bottom: 200px !important;}&#8220;][vc_column width=&#8220;1\/6&#8243;][\/vc_column][vc_column width=&#8220;2\/3&#8243;][vc_custom_heading text=&#8220;Anmeldung hier online oder via office@europahaus.at&#8220; font_container=&#8220;tag:h2|font_size:46|text_align:center&#8220; use_theme_fonts=&#8220;yes&#8220; css=&#8220;.vc_custom_1516880222234{padding-bottom: 100px !important;}&#8220;][vc_single_image image=&#8220;10738&#8243; img_size=&#8220;full&#8220;][vc_raw_html]JTVCZWFzeS1wcmljaW5nLXRhYmxlJTIwaWQlM0QlMjI5NTM5JTIyJTVE[\/vc_raw_html][\/vc_column][vc_column width=&#8220;1\/6&#8243;][\/vc_column][\/vc_row][vc_row][vc_column][vc_column_text] Stornobedingungen: Bei schriftlicher Absage bis 30. April 2019 erstatten wir 50 % der Geb\u00fchr retour. Bei Stornierungen zu einem sp\u00e4teren Zeitpunkt erfolgt keine R\u00fcckerstattung. [\/vc_column_text][vc_column_text] [\/vc_column_text][\/vc_column][\/vc_row]<\/p>\n","protected":false},"author":2,"featured_media":0,"parent":0,"menu_order":0,"comment_status":"closed","ping_status":"closed","template":"page-templates\/full-width.php","meta":{"footnotes":""},"class_list":["post-9563","page","type-page","status-publish","hentry"],"yoast_head":"<!-- This site is optimized with the Yoast SEO plugin v27.3 - https:\/\/yoast.com\/product\/yoast-seo-wordpress\/ -->\n<title>Tickets - Die Konferenz f\u00fcr innovative Technologien im Tourismus<\/title>\n<meta name=\"description\" content=\"Mein Konferenz Ticket gibt\u2019s hier\" \/>\n<meta name=\"robots\" content=\"index, follow, max-snippet:-1, max-image-preview:large, max-video-preview:-1\" \/>\n<link rel=\"canonical\" href=\"https:\/\/www.tourismfastforward.com\/2019\/tickets\/\" \/>\n<meta property=\"og:locale\" content=\"de_DE\" \/>\n<meta property=\"og:type\" content=\"article\" \/>\n<meta property=\"og:title\" content=\"Tickets - Die Konferenz f\u00fcr innovative Technologien im Tourismus\" \/>\n<meta property=\"og:description\" content=\"Mein Konferenz Ticket gibt\u2019s hier\" \/>\n<meta property=\"og:url\" content=\"https:\/\/www.tourismfastforward.com\/2019\/tickets\/\" \/>\n<meta property=\"og:site_name\" content=\"Die Konferenz f\u00fcr innovative Technologien im Tourismus\" \/>\n<meta property=\"article:modified_time\" content=\"2019-04-02T12:07:02+00:00\" \/>\n<meta name=\"twitter:card\" content=\"summary_large_image\" \/>\n<meta name=\"twitter:label1\" content=\"Gesch\u00e4tzte Lesezeit\" \/>\n\t<meta name=\"twitter:data1\" content=\"1\u00a0Minute\" \/>\n<script type=\"application\/ld+json\" class=\"yoast-schema-graph\">{\"@context\":\"https:\\\/\\\/schema.org\",\"@graph\":[{\"@type\":\"WebPage\",\"@id\":\"https:\\\/\\\/www.tourismfastforward.com\\\/2019\\\/tickets\\\/\",\"url\":\"https:\\\/\\\/www.tourismfastforward.com\\\/2019\\\/tickets\\\/\",\"name\":\"Tickets - Die Konferenz f\u00fcr innovative Technologien im Tourismus\",\"isPartOf\":{\"@id\":\"https:\\\/\\\/www.tourismfastforward.com\\\/2019\\\/#website\"},\"datePublished\":\"2018-01-25T11:22:30+00:00\",\"dateModified\":\"2019-04-02T12:07:02+00:00\",\"description\":\"Mein Konferenz Ticket gibt\u2019s hier\",\"breadcrumb\":{\"@id\":\"https:\\\/\\\/www.tourismfastforward.com\\\/2019\\\/tickets\\\/#breadcrumb\"},\"inLanguage\":\"de\",\"potentialAction\":[{\"@type\":\"ReadAction\",\"target\":[\"https:\\\/\\\/www.tourismfastforward.com\\\/2019\\\/tickets\\\/\"]}]},{\"@type\":\"BreadcrumbList\",\"@id\":\"https:\\\/\\\/www.tourismfastforward.com\\\/2019\\\/tickets\\\/#breadcrumb\",\"itemListElement\":[{\"@type\":\"ListItem\",\"position\":1,\"name\":\"Startseite\",\"item\":\"https:\\\/\\\/www.tourismfastforward.com\\\/2019\\\/\"},{\"@type\":\"ListItem\",\"position\":2,\"name\":\"Tickets\"}]},{\"@type\":\"WebSite\",\"@id\":\"https:\\\/\\\/www.tourismfastforward.com\\\/2019\\\/#website\",\"url\":\"https:\\\/\\\/www.tourismfastforward.com\\\/2019\\\/\",\"name\":\"Die Konferenz f\u00fcr innovative Technologien im Tourismus\",\"description\":\"Tourism Fast Forward 2019\",\"potentialAction\":[{\"@type\":\"SearchAction\",\"target\":{\"@type\":\"EntryPoint\",\"urlTemplate\":\"https:\\\/\\\/www.tourismfastforward.com\\\/2019\\\/?s={search_term_string}\"},\"query-input\":{\"@type\":\"PropertyValueSpecification\",\"valueRequired\":true,\"valueName\":\"search_term_string\"}}],\"inLanguage\":\"de\"}]}<\/script>\n<!-- \/ Yoast SEO plugin. -->","yoast_head_json":{"title":"Tickets - Die Konferenz f\u00fcr innovative Technologien im Tourismus","description":"Mein Konferenz Ticket gibt\u2019s hier","robots":{"index":"index","follow":"follow","max-snippet":"max-snippet:-1","max-image-preview":"max-image-preview:large","max-video-preview":"max-video-preview:-1"},"canonical":"https:\/\/www.tourismfastforward.com\/2019\/tickets\/","og_locale":"de_DE","og_type":"article","og_title":"Tickets - Die Konferenz f\u00fcr innovative Technologien im Tourismus","og_description":"Mein Konferenz Ticket gibt\u2019s hier","og_url":"https:\/\/www.tourismfastforward.com\/2019\/tickets\/","og_site_name":"Die Konferenz f\u00fcr innovative Technologien im Tourismus","article_modified_time":"2019-04-02T12:07:02+00:00","twitter_card":"summary_large_image","twitter_misc":{"Gesch\u00e4tzte Lesezeit":"1\u00a0Minute"},"schema":{"@context":"https:\/\/schema.org","@graph":[{"@type":"WebPage","@id":"https:\/\/www.tourismfastforward.com\/2019\/tickets\/","url":"https:\/\/www.tourismfastforward.com\/2019\/tickets\/","name":"Tickets - Die Konferenz f\u00fcr innovative Technologien im Tourismus","isPartOf":{"@id":"https:\/\/www.tourismfastforward.com\/2019\/#website"},"datePublished":"2018-01-25T11:22:30+00:00","dateModified":"2019-04-02T12:07:02+00:00","description":"Mein Konferenz Ticket gibt\u2019s hier","breadcrumb":{"@id":"https:\/\/www.tourismfastforward.com\/2019\/tickets\/#breadcrumb"},"inLanguage":"de","potentialAction":[{"@type":"ReadAction","target":["https:\/\/www.tourismfastforward.com\/2019\/tickets\/"]}]},{"@type":"BreadcrumbList","@id":"https:\/\/www.tourismfastforward.com\/2019\/tickets\/#breadcrumb","itemListElement":[{"@type":"ListItem","position":1,"name":"Startseite","item":"https:\/\/www.tourismfastforward.com\/2019\/"},{"@type":"ListItem","position":2,"name":"Tickets"}]},{"@type":"WebSite","@id":"https:\/\/www.tourismfastforward.com\/2019\/#website","url":"https:\/\/www.tourismfastforward.com\/2019\/","name":"Die Konferenz f\u00fcr innovative Technologien im Tourismus","description":"Tourism Fast Forward 2019","potentialAction":[{"@type":"SearchAction","target":{"@type":"EntryPoint","urlTemplate":"https:\/\/www.tourismfastforward.com\/2019\/?s={search_term_string}"},"query-input":{"@type":"PropertyValueSpecification","valueRequired":true,"valueName":"search_term_string"}}],"inLanguage":"de"}]}},"_links":{"self":[{"href":"https:\/\/www.tourismfastforward.com\/2019\/wp-json\/wp\/v2\/pages\/9563","targetHints":{"allow":["GET"]}}],"collection":[{"href":"https:\/\/www.tourismfastforward.com\/2019\/wp-json\/wp\/v2\/pages"}],"about":[{"href":"https:\/\/www.tourismfastforward.com\/2019\/wp-json\/wp\/v2\/types\/page"}],"author":[{"embeddable":true,"href":"https:\/\/www.tourismfastforward.com\/2019\/wp-json\/wp\/v2\/users\/2"}],"replies":[{"embeddable":true,"href":"https:\/\/www.tourismfastforward.com\/2019\/wp-json\/wp\/v2\/comments?post=9563"}],"version-history":[{"count":18,"href":"https:\/\/www.tourismfastforward.com\/2019\/wp-json\/wp\/v2\/pages\/9563\/revisions"}],"predecessor-version":[{"id":10739,"href":"https:\/\/www.tourismfastforward.com\/2019\/wp-json\/wp\/v2\/pages\/9563\/revisions\/10739"}],"wp:attachment":[{"href":"https:\/\/www.tourismfastforward.com\/2019\/wp-json\/wp\/v2\/media?parent=9563"}],"curies":[{"name":"wp","href":"https:\/\/api.w.org\/{rel}","templated":true}]}}