{"id":9255,"date":"2018-01-19T10:51:44","date_gmt":"2018-01-19T09:51:44","guid":{"rendered":"https:\/\/testwebsite.tourismfastforward.com\/2018\/?page_id=9255"},"modified":"2019-03-20T20:11:37","modified_gmt":"2019-03-20T19:11:37","slug":"organisationsteam","status":"publish","type":"page","link":"https:\/\/www.tourismfastforward.com\/2019\/organisationsteam\/","title":{"rendered":"Organisationsteam"},"content":{"rendered":"<p>[vc_row css=&#8220;.vc_custom_1516358195164{padding-top: 200px !important;padding-bottom: 100px !important;}&#8220;][vc_column][vc_column_text]<\/p>\n<h2 class=\"vc_custom_heading\" style=\"text-align: center;\">Das Organisationsteam stellt sich vor:<\/h2>\n<p>[\/vc_column_text][\/vc_column][\/vc_row][vc_row css=&#8220;.vc_custom_1516975253042{padding-bottom: 100px !important;}&#8220;][vc_column width=&#8220;1\/3&#8243;][pbr_team_list title=&#8220;ANDREAS LACKNER&#8220; photo=&#8220;9759&#8243; job=&#8220;Gesch\u00e4ftsf\u00fchrer, Tourismusverband Mayrhofen-Hippach&#8220;]<\/p>\n<p style=\"text-align: justify; line-height: 1.3;\">Andreas Lackner ist seit 2008 Gesch\u00e4ftsf\u00fchrer des Zillertaler Tourismusverbandes Mayrhofen-Hippach. Zuvor war er Gesch\u00e4ftsf\u00fchrer der Veldener Tourismus GmbH am W\u00f6rthersee sowie Marketing- und Projektleiter f\u00fcr den TVB Achensee. Seine Schwerpunkte sind die Markenentwicklung und Aktivierung von Marken innerhalb und au\u00dferhalb der Tourismusorganisation. Aber auch der Online-Vertriebsaufbau und die St\u00e4rkung des Direktvertriebs durch die Betriebe und Tourismusorganisation selbst sind sein Steckenpferd. Lackners Credo: \u201eTourismusverb\u00e4nde sind schon lange keine Dorfversch\u00f6nerungsvereine mehr. Heute sind sie ein Marktplatz f\u00fcr ihre Mitglieder und G\u00e4ste. F\u00fcr eine wertsch\u00f6pfungsreiche Kundenbeziehung m\u00fcssen sie entlang der gesamten Customer Journey auf h\u00f6chstem Niveau agieren, wie jedes andere Unternehmen auch.\u201c<\/p>\n<p>[\/pbr_team_list][\/vc_column][vc_column width=&#8220;1\/3&#8243;][pbr_team_list title=&#8220;FRANZ UNTERLUGGAUER&#8220; photo=&#8220;9764&#8243; job=&#8220;Programm Manager \u2013 Cluster Informationstechnologien Tirol, Standortagentur Tirol&#8220;]<\/p>\n<p style=\"text-align: justify; line-height: 1.3;\">Franz Unterluggauer arbeitet seit 2010 f\u00fcr die Standortagentur Tirol als Programm Manager Informationstechnologien Tirol. Insbesondere die Nahtstellen von Technologien und Tools in die branchenoffene Anwendung stehen im Vordergrund (beispielsweise Vernetzte Systeme, eTourismus und Smart Production). Davor fungierte er als Quality Assurance Manager f\u00fcr IT-Sicherheitsl\u00f6sungen. Als Projektleiter war er bei der Entwicklung von Systemen zur Personaleinsatzplanung t\u00e4tig und f\u00fcr die Implementierungsprojekte Klinischer Informationssysteme zust\u00e4ndig. Unterluggauer studierte Internationale Wirtschaftswissenschaften an der Universit\u00e4t Innsbruck. Abgeschlossen hat er als Magister der Sozial- und Wirtschaftswissenschaften mit dem Schwerpunkt Wirtschaftsinformatik.<\/p>\n<p>[\/pbr_team_list][\/vc_column][vc_column width=&#8220;1\/3&#8243;][pbr_team_list title=&#8220;MAG. ECKARD SPECKBACHER&#8220; photo=&#8220;9763&#8243; job=&#8220;Leitung Medien &amp; Content, Tirol Werbung GmbH&#8220;]<\/p>\n<p style=\"text-align: justify; line-height: 1.3;\">Eckard Speckbacher arbeitet in der Tirol Werbung GmbH und ist f\u00fcr die digitale Markenf\u00fchrung verantwortlich. Zu seinem Verantwortungsbereich z\u00e4hlen alle Webplattformen, Social Media Kan\u00e4le sowie deren Inhalte. Der Betriebswirt arbeitet seit \u00fcber 15 Jahren im Unternehmen. Anfangs im klassischen Marketing, wo er f\u00fcr Kampagnen in den Benlux Staaten, Zentraleuropa, Gro\u00dfbritannien oder den asiatischen L\u00e4ndern zust\u00e4ndig war, ist er sp\u00e4ter f\u00fcr die Pressearbeit in den Hauptherkunftsm\u00e4rkten zust\u00e4ndig gewesen.<\/p>\n<p>[\/pbr_team_list][\/vc_column][\/vc_row][vc_row content_placement=&#8220;middle&#8220;][vc_column width=&#8220;1\/3&#8243;][pbr_team_list title=&#8220;INES KAMMERLANDER&#8220; photo=&#8220;9762&#8243; job=&#8220;Gesch\u00e4ftsleitung Congress Zillertal, Europahaus Mayrhofen&#8220;]<\/p>\n<p style=\"text-align: justify; line-height: 1.3;\">Ines Kammerlander ist seit 2005 im Congress Zillertal t\u00e4tig und \u00fcbernahm 2012 dessen Leitung. Das im Zentrum von Mayrhofen gelegene Congress- und Veranstaltungshaus \u201eEuropahaus\u201c z\u00e4hlt zu den f\u00fchrendsten \u00d6sterreichs. Schwerpunkt ihrer Arbeit ist der Verkauf, die Organisation und Abwicklung von Veranstaltungen sowie die laufende Veranstaltungsentwicklung. Mit ihrem Team wickelt sie mehr als 150 Veranstaltungen pro Jahr ab.<\/p>\n<p>[\/pbr_team_list][\/vc_column][vc_column width=&#8220;1\/3&#8243;][pbr_team_list title=&#8220;MAG. BERNHARD RIEDER&#8220; photo=&#8220;9766&#8243; job=&#8220;Market Development Manager, seekda GmbH&#8220;]<\/p>\n<p style=\"text-align: justify; line-height: 1.3;\"><strong>Bernhard Rieder<\/strong>. Er studierte Betriebswirtschaftslehre in Innsbruck und ist schon seit seiner Schulzeit unternehmerisch t\u00e4tig u.a. Werbeagentur Rieder, Innsbruck; MCA Management Consulting Agency KG \u2013 Beratungs- und Marktforschungsinstitut, Innsbruck. Mag. Bernhard Rieder verf\u00fcgt \u00fcber zahlreiche Erfahrungen im Bereich e-Tourismus u.a. freie Mitarbeit am Institut f\u00fcr Wirtschaftsinformatik und e-Tourismus Innsbruck, Mitarbeit am europaweiten eTourismus-Forschungsprojekt \u201eHarmonise\u201c, Studienkonzeption und Projektleitung \u201eDestinometer\u201c \u2013 Benchmarkingkonzept im alpinen Tourismus, Leiter der Entwicklung des etCurriculum am e-Tourism Competence Center Austria, Arbeitskreis eTourismus der Wirtschaftskammer Tirol \/ UBIT, Mitbegr\u00fcnder und Leiter TourismFastForward Kongress in Mayrhofen.<\/p>\n<p>[\/pbr_team_list][\/vc_column][vc_column width=&#8220;1\/3&#8243;][pbr_team_list title=&#8220;DDR. ELFI FURTM\u00dcLLER&#8220; photo=&#8220;9760&#8243; job=&#8220;Lehrgangsmanagerin, mba-studium.at&#8220;]<\/p>\n<p style=\"text-align: justify; line-height: 1.3;\">Elfi Furtm\u00fcller entwickelt Online Weiterbildungen mit Uni\u2019s und FH\u2018s www.campus-wirtschaftsakademie-wien.at<br \/>\nDerzeit baut Sie zusammen mit Touristikern, Marketing und Innovationsexperten neue Kursangebote und Uni-Lehrg\u00e4nge auf www.mba-studium.at\/. Insbesondere die Nutzung von Online Marketing und Social Media f\u00fcr Tourismusbetriebe wird in den neuen Universit\u00e4tskursen und Uni-Lehrg\u00e4ngen unterrichtet. Zeitliche und \u00f6rtliche Flexibilit\u00e4t wird zunehmend bei einer akademischen Weiterbildung gefordert, sodass man Beruf, Freizeit, Weiterbildung und Familie gut vereinbaren kann. Die verschiedenen Kurse werden daher als Online-Kurse auf der Uni-Lernplattform angeboten und k\u00f6nnen ganzj\u00e4hrig gestartet werden k\u00f6nnen. Die Weiterbildungen eigenen sich auch f\u00fcr Bildungskarenz oder bei saisonalen Arbeitspausen und machen f\u00fcr den n\u00e4chsten Karrieresprung fit.<\/p>\n<p style=\"text-align: justify; line-height: 1.3;\"><a href=\"http:\/\/www.mba-studium.at\/\" target=\"_blank\" rel=\"noopener noreferrer\">http:\/\/www.mba-studium.at\/<\/a><\/p>\n<p>[\/pbr_team_list][\/vc_column][\/vc_row][vc_row][vc_column width=&#8220;1\/3&#8243;][pbr_team_list title=&#8220;ELIAS K\u00c4RLE, MSC.&#8220; photo=&#8220;9761&#8243; job=&#8220;STI Innsbruck&#8220;]Elias K\u00e4rle ist wissenschaftlicher Mitarbeiter am Institut f\u00fcr Informatik der Universit\u00e4t Innsbruck. Im Zuge seiner Doktorarbeit erforscht er die Anwendung semantischer Technologien bei der Publikation von Informationen im Web als Linked Open Data und die Publikation von Web Schnittstellen als Semantic Web Services. Seine Erfahrung als Softwareentwickler f\u00fcr touristische Anwendungen bringt er bei der praktischen Anwendung seiner Forschungsresultate im eTourismus ein.[\/pbr_team_list][\/vc_column][vc_column width=&#8220;1\/3&#8243;][pbr_team_list title=&#8220;Dennis Sommer&#8220; photo=&#8220;10686&#8243; job=&#8220;Webmaster &#8211; STI Innsbruck&#8220;]Dennis ist f\u00fcr alles rund um die TFF Website zust\u00e4ndig.[\/pbr_team_list][\/vc_column][vc_column width=&#8220;1\/3&#8243;][\/vc_column][\/vc_row]<\/p>\n","protected":false},"excerpt":{"rendered":"<p>[vc_row css=&#8220;.vc_custom_1516358195164{padding-top: 200px !important;padding-bottom: 100px !important;}&#8220;][vc_column][vc_column_text] Das Organisationsteam stellt sich vor: [\/vc_column_text][\/vc_column][\/vc_row][vc_row css=&#8220;.vc_custom_1516975253042{padding-bottom: 100px !important;}&#8220;][vc_column width=&#8220;1\/3&#8243;][pbr_team_list title=&#8220;ANDREAS LACKNER&#8220; photo=&#8220;9759&#8243; job=&#8220;Gesch\u00e4ftsf\u00fchrer, Tourismusverband Mayrhofen-Hippach&#8220;] Andreas Lackner ist seit 2008 Gesch\u00e4ftsf\u00fchrer des Zillertaler Tourismusverbandes Mayrhofen-Hippach. Zuvor war er Gesch\u00e4ftsf\u00fchrer der Veldener Tourismus GmbH am W\u00f6rthersee sowie Marketing- und Projektleiter f\u00fcr den TVB Achensee. Seine Schwerpunkte sind die Markenentwicklung &hellip; <a href=\"https:\/\/www.tourismfastforward.com\/2019\/organisationsteam\/\" class=\"more-link\">Continue reading <span class=\"meta-nav\">&rarr;<\/span><span class=\"screen-reader-text\">Organisationsteam<\/span> <\/a><\/p>\n","protected":false},"author":2,"featured_media":0,"parent":0,"menu_order":0,"comment_status":"closed","ping_status":"closed","template":"","meta":{"footnotes":""},"class_list":["post-9255","page","type-page","status-publish","hentry"],"yoast_head":"<!-- This site is optimized with the Yoast SEO plugin v27.3 - https:\/\/yoast.com\/product\/yoast-seo-wordpress\/ -->\n<title>Organisationsteam - Die Konferenz f\u00fcr innovative Technologien im Tourismus<\/title>\n<meta name=\"robots\" content=\"index, follow, max-snippet:-1, max-image-preview:large, max-video-preview:-1\" \/>\n<link rel=\"canonical\" href=\"https:\/\/www.tourismfastforward.com\/2019\/organisationsteam\/\" \/>\n<meta property=\"og:locale\" content=\"de_DE\" \/>\n<meta property=\"og:type\" content=\"article\" \/>\n<meta property=\"og:title\" content=\"Organisationsteam - Die Konferenz f\u00fcr innovative Technologien im Tourismus\" \/>\n<meta property=\"og:description\" content=\"[vc_row css=&#8220;.vc_custom_1516358195164{padding-top: 200px !important;padding-bottom: 100px !important;}&#8220;][vc_column][vc_column_text] Das Organisationsteam stellt sich vor: [\/vc_column_text][\/vc_column][\/vc_row][vc_row css=&#8220;.vc_custom_1516975253042{padding-bottom: 100px !important;}&#8220;][vc_column width=&#8220;1\/3&#8243;][pbr_team_list title=&#8220;ANDREAS LACKNER&#8220; photo=&#8220;9759&#8243; job=&#8220;Gesch\u00e4ftsf\u00fchrer, Tourismusverband Mayrhofen-Hippach&#8220;] Andreas Lackner ist seit 2008 Gesch\u00e4ftsf\u00fchrer des Zillertaler Tourismusverbandes Mayrhofen-Hippach. Zuvor war er Gesch\u00e4ftsf\u00fchrer der Veldener Tourismus GmbH am W\u00f6rthersee sowie Marketing- und Projektleiter f\u00fcr den TVB Achensee. Seine Schwerpunkte sind die Markenentwicklung &hellip; Continue reading &rarr;Organisationsteam\" \/>\n<meta property=\"og:url\" content=\"https:\/\/www.tourismfastforward.com\/2019\/organisationsteam\/\" \/>\n<meta property=\"og:site_name\" content=\"Die Konferenz f\u00fcr innovative Technologien im Tourismus\" \/>\n<meta property=\"article:modified_time\" content=\"2019-03-20T19:11:37+00:00\" \/>\n<meta name=\"twitter:card\" content=\"summary_large_image\" \/>\n<meta name=\"twitter:label1\" content=\"Gesch\u00e4tzte Lesezeit\" \/>\n\t<meta name=\"twitter:data1\" content=\"4\u00a0Minuten\" \/>\n<script type=\"application\/ld+json\" class=\"yoast-schema-graph\">{\"@context\":\"https:\\\/\\\/schema.org\",\"@graph\":[{\"@type\":\"WebPage\",\"@id\":\"https:\\\/\\\/www.tourismfastforward.com\\\/2019\\\/organisationsteam\\\/\",\"url\":\"https:\\\/\\\/www.tourismfastforward.com\\\/2019\\\/organisationsteam\\\/\",\"name\":\"Organisationsteam - Die Konferenz f\u00fcr innovative Technologien im Tourismus\",\"isPartOf\":{\"@id\":\"https:\\\/\\\/www.tourismfastforward.com\\\/2019\\\/#website\"},\"datePublished\":\"2018-01-19T09:51:44+00:00\",\"dateModified\":\"2019-03-20T19:11:37+00:00\",\"breadcrumb\":{\"@id\":\"https:\\\/\\\/www.tourismfastforward.com\\\/2019\\\/organisationsteam\\\/#breadcrumb\"},\"inLanguage\":\"de\",\"potentialAction\":[{\"@type\":\"ReadAction\",\"target\":[\"https:\\\/\\\/www.tourismfastforward.com\\\/2019\\\/organisationsteam\\\/\"]}]},{\"@type\":\"BreadcrumbList\",\"@id\":\"https:\\\/\\\/www.tourismfastforward.com\\\/2019\\\/organisationsteam\\\/#breadcrumb\",\"itemListElement\":[{\"@type\":\"ListItem\",\"position\":1,\"name\":\"Startseite\",\"item\":\"https:\\\/\\\/www.tourismfastforward.com\\\/2019\\\/\"},{\"@type\":\"ListItem\",\"position\":2,\"name\":\"Organisationsteam\"}]},{\"@type\":\"WebSite\",\"@id\":\"https:\\\/\\\/www.tourismfastforward.com\\\/2019\\\/#website\",\"url\":\"https:\\\/\\\/www.tourismfastforward.com\\\/2019\\\/\",\"name\":\"Die Konferenz f\u00fcr innovative Technologien im Tourismus\",\"description\":\"Tourism Fast Forward 2019\",\"potentialAction\":[{\"@type\":\"SearchAction\",\"target\":{\"@type\":\"EntryPoint\",\"urlTemplate\":\"https:\\\/\\\/www.tourismfastforward.com\\\/2019\\\/?s={search_term_string}\"},\"query-input\":{\"@type\":\"PropertyValueSpecification\",\"valueRequired\":true,\"valueName\":\"search_term_string\"}}],\"inLanguage\":\"de\"}]}<\/script>\n<!-- \/ Yoast SEO plugin. -->","yoast_head_json":{"title":"Organisationsteam - Die Konferenz f\u00fcr innovative Technologien im Tourismus","robots":{"index":"index","follow":"follow","max-snippet":"max-snippet:-1","max-image-preview":"max-image-preview:large","max-video-preview":"max-video-preview:-1"},"canonical":"https:\/\/www.tourismfastforward.com\/2019\/organisationsteam\/","og_locale":"de_DE","og_type":"article","og_title":"Organisationsteam - Die Konferenz f\u00fcr innovative Technologien im Tourismus","og_description":"[vc_row css=&#8220;.vc_custom_1516358195164{padding-top: 200px !important;padding-bottom: 100px !important;}&#8220;][vc_column][vc_column_text] Das Organisationsteam stellt sich vor: [\/vc_column_text][\/vc_column][\/vc_row][vc_row css=&#8220;.vc_custom_1516975253042{padding-bottom: 100px !important;}&#8220;][vc_column width=&#8220;1\/3&#8243;][pbr_team_list title=&#8220;ANDREAS LACKNER&#8220; photo=&#8220;9759&#8243; job=&#8220;Gesch\u00e4ftsf\u00fchrer, Tourismusverband Mayrhofen-Hippach&#8220;] Andreas Lackner ist seit 2008 Gesch\u00e4ftsf\u00fchrer des Zillertaler Tourismusverbandes Mayrhofen-Hippach. Zuvor war er Gesch\u00e4ftsf\u00fchrer der Veldener Tourismus GmbH am W\u00f6rthersee sowie Marketing- und Projektleiter f\u00fcr den TVB Achensee. Seine Schwerpunkte sind die Markenentwicklung &hellip; Continue reading &rarr;Organisationsteam","og_url":"https:\/\/www.tourismfastforward.com\/2019\/organisationsteam\/","og_site_name":"Die Konferenz f\u00fcr innovative Technologien im Tourismus","article_modified_time":"2019-03-20T19:11:37+00:00","twitter_card":"summary_large_image","twitter_misc":{"Gesch\u00e4tzte Lesezeit":"4\u00a0Minuten"},"schema":{"@context":"https:\/\/schema.org","@graph":[{"@type":"WebPage","@id":"https:\/\/www.tourismfastforward.com\/2019\/organisationsteam\/","url":"https:\/\/www.tourismfastforward.com\/2019\/organisationsteam\/","name":"Organisationsteam - Die Konferenz f\u00fcr innovative Technologien im Tourismus","isPartOf":{"@id":"https:\/\/www.tourismfastforward.com\/2019\/#website"},"datePublished":"2018-01-19T09:51:44+00:00","dateModified":"2019-03-20T19:11:37+00:00","breadcrumb":{"@id":"https:\/\/www.tourismfastforward.com\/2019\/organisationsteam\/#breadcrumb"},"inLanguage":"de","potentialAction":[{"@type":"ReadAction","target":["https:\/\/www.tourismfastforward.com\/2019\/organisationsteam\/"]}]},{"@type":"BreadcrumbList","@id":"https:\/\/www.tourismfastforward.com\/2019\/organisationsteam\/#breadcrumb","itemListElement":[{"@type":"ListItem","position":1,"name":"Startseite","item":"https:\/\/www.tourismfastforward.com\/2019\/"},{"@type":"ListItem","position":2,"name":"Organisationsteam"}]},{"@type":"WebSite","@id":"https:\/\/www.tourismfastforward.com\/2019\/#website","url":"https:\/\/www.tourismfastforward.com\/2019\/","name":"Die Konferenz f\u00fcr innovative Technologien im Tourismus","description":"Tourism Fast Forward 2019","potentialAction":[{"@type":"SearchAction","target":{"@type":"EntryPoint","urlTemplate":"https:\/\/www.tourismfastforward.com\/2019\/?s={search_term_string}"},"query-input":{"@type":"PropertyValueSpecification","valueRequired":true,"valueName":"search_term_string"}}],"inLanguage":"de"}]}},"_links":{"self":[{"href":"https:\/\/www.tourismfastforward.com\/2019\/wp-json\/wp\/v2\/pages\/9255","targetHints":{"allow":["GET"]}}],"collection":[{"href":"https:\/\/www.tourismfastforward.com\/2019\/wp-json\/wp\/v2\/pages"}],"about":[{"href":"https:\/\/www.tourismfastforward.com\/2019\/wp-json\/wp\/v2\/types\/page"}],"author":[{"embeddable":true,"href":"https:\/\/www.tourismfastforward.com\/2019\/wp-json\/wp\/v2\/users\/2"}],"replies":[{"embeddable":true,"href":"https:\/\/www.tourismfastforward.com\/2019\/wp-json\/wp\/v2\/comments?post=9255"}],"version-history":[{"count":34,"href":"https:\/\/www.tourismfastforward.com\/2019\/wp-json\/wp\/v2\/pages\/9255\/revisions"}],"predecessor-version":[{"id":10687,"href":"https:\/\/www.tourismfastforward.com\/2019\/wp-json\/wp\/v2\/pages\/9255\/revisions\/10687"}],"wp:attachment":[{"href":"https:\/\/www.tourismfastforward.com\/2019\/wp-json\/wp\/v2\/media?parent=9255"}],"curies":[{"name":"wp","href":"https:\/\/api.w.org\/{rel}","templated":true}]}}