{"id":6448,"date":"2016-12-16T10:44:09","date_gmt":"2016-12-16T09:44:09","guid":{"rendered":"http:\/\/www.tourismfastforward.com\/2017\/?page_id=6448"},"modified":"2018-01-25T15:59:15","modified_gmt":"2018-01-25T14:59:15","slug":"disclaimer","status":"publish","type":"page","link":"https:\/\/www.tourismfastforward.com\/2019\/disclaimer\/","title":{"rendered":"Disclaimer"},"content":{"rendered":"<p>[vc_row css=&#8220;.vc_custom_1516892674176{padding-top: 200px !important;padding-bottom: 150px !important;}&#8220;][vc_column][vc_column_text]<\/p>\n<h2 style=\"text-align: center;\"><strong>Disclaimer<\/strong><\/h2>\n<p>&nbsp;<\/p>\n<p style=\"text-align: left;\">Wir \u00fcbernehmen keinerlei Zusicherung und keinerlei Haftung f\u00fcr Sch\u00e4den oder Nachteile, welcher Art immer, die durch den Zugriff auf die Website, die direkte oder indirekte Verwendung der Website bzw. deren Inhalte oder die Verwertung der auf der Website enthaltenen Informationen entstehen.<\/p>\n<p>&nbsp;<\/p>\n<p>Diese Website enth\u00e4lt Verkn\u00fcpfungen (\u201eHyperlinks\u201d) zu Websites Dritter. Diese Websites sind vollkommen unabh\u00e4ngig und liegen au\u00dferhalb unserer Kontrolle. Wir \u00fcbernehmen keine Verantwortung f\u00fcr die Inhalte von externen Websites Dritter, die \u00fcber Hyperlinks von dieser Website erreicht werden k\u00f6nnen oder die ihrerseits auf diese Website verweisen und \u00fcbernimmt auch keinerlei Verantwortung f\u00fcr deren Richtigkeit, Vollst\u00e4ndigkeit oder Gesetzeskonformit\u00e4t.<\/p>\n<p>&nbsp;<\/p>\n<p>Wir setzen auf unseren Websites Cookies ein und erheben, verarbeiten und nutzen damit Nutzungsdaten von Nutzern. Durch den Einsatz von Cookies ist es zum Beispiel m\u00f6glich, dass beim n\u00e4chsten Besuch des Rechners manche pers\u00f6nliche Voreinstellungen vorgefunden werden, die nicht wieder eingegeben werden m\u00fcssen. Durch Cookies ist auch eine Analyse der Benutzung der Websites durch die Nutzer erm\u00f6glicht. Der Nutzer nimmt zur Kenntnis, dass die Funktionalit\u00e4t der Websites bei Ablehnung von funktionsbezogenen Cookies nicht oder nur eingeschr\u00e4nkt m\u00f6glich ist. Diese Website benutzt Google Analytics, einen Webanalysedienst der Google Inc. (\u201eGoogle\u201d). Google Analytics verwendet Cookies. Die durch die Cookies erzeugten Informationen \u00fcber Ihre Benutzung dieser Websites (einschlie\u00dflich Ihrer IP-Adresse) werden an einen Server von Google in den USA \u00fcbertragen und dort gespeichert. Google wird diese Informationen benutzen, um Ihre Nutzung der Website auszuwerten, um Reports \u00fcber die Websiteaktivit\u00e4ten f\u00fcr die Websitebetreiber zusammenzustellen und um weitere mit der Websitenutzung und der Internetnutzung verbundenen Dienstleistungen zu erbringen. Auch wird Google diese Informationen gegebenenfalls an Dritte \u00fcbertragen, sofern dies gesetzlich vorgeschrieben oder soweit Dritte diese Daten im Auftrage von Google verarbeiten. Google wird in keinem Fall Ihre IP-Adresse mit anderen Daten von Google in Verbindung bringen. Sie k\u00f6nnen die Installation der Cookies durch eine entsprechende Einstellung Ihrer Browser Software verhindern; der Nutzer kann in diesem Fall aber gegebenenfalls nicht s\u00e4mtliche Funktionen dieser Website voll umf\u00e4nglich nutzen. Durch die Nutzung dieser Websites erkl\u00e4rt sich der Nutzer mit der Bearbeitung der \u00fcber ihn erhobenen Daten durch Google in der zuvor beschriebenen Art und Weise und zu dem zuvor benannten Zweck einverstanden.<\/p>\n<p>&nbsp;<\/p>\n<p>Sofern nicht anders angegeben, liegt das Urheberrecht aller auf dieser Website bereitgestellten Dokumente und der daf\u00fcr verwendeten Materialien ausschlie\u00dflich beim STI Innsbruck. Das Herunterladen, Drucken und Speichern von Dateien dieser Website f\u00fcr den ausschlie\u00dflich privaten Gebrauch ist gestattet, dar\u00fcber hinaus gehende Nutzung bedarf unserer ausdr\u00fccklichen Zustimmung.[\/vc_column_text][\/vc_column][\/vc_row]<\/p>\n","protected":false},"excerpt":{"rendered":"<p>[vc_row css=&#8220;.vc_custom_1516892674176{padding-top: 200px !important;padding-bottom: 150px !important;}&#8220;][vc_column][vc_column_text] Disclaimer &nbsp; Wir \u00fcbernehmen keinerlei Zusicherung und keinerlei Haftung f\u00fcr Sch\u00e4den oder Nachteile, welcher Art immer, die durch den Zugriff auf die Website, die direkte oder indirekte Verwendung der Website bzw. deren Inhalte oder die Verwertung der auf der Website enthaltenen Informationen entstehen. &nbsp; Diese Website enth\u00e4lt Verkn\u00fcpfungen (\u201eHyperlinks\u201d) &hellip; <a href=\"https:\/\/www.tourismfastforward.com\/2019\/disclaimer\/\" class=\"more-link\">Continue reading <span class=\"meta-nav\">&rarr;<\/span><span class=\"screen-reader-text\">Disclaimer<\/span> <\/a><\/p>\n","protected":false},"author":2,"featured_media":0,"parent":0,"menu_order":0,"comment_status":"closed","ping_status":"closed","template":"page-templates\/full-width.php","meta":{"footnotes":""},"class_list":["post-6448","page","type-page","status-publish","hentry"],"yoast_head":"<!-- This site is optimized with the Yoast SEO plugin v27.3 - https:\/\/yoast.com\/product\/yoast-seo-wordpress\/ -->\n<title>Disclaimer - Die Konferenz f\u00fcr innovative Technologien im Tourismus<\/title>\n<meta name=\"robots\" content=\"index, follow, max-snippet:-1, max-image-preview:large, max-video-preview:-1\" \/>\n<link rel=\"canonical\" href=\"https:\/\/www.tourismfastforward.com\/2019\/disclaimer\/\" \/>\n<meta property=\"og:locale\" content=\"de_DE\" \/>\n<meta property=\"og:type\" content=\"article\" \/>\n<meta property=\"og:title\" content=\"Disclaimer - Die Konferenz f\u00fcr innovative Technologien im Tourismus\" \/>\n<meta property=\"og:description\" content=\"[vc_row css=&#8220;.vc_custom_1516892674176{padding-top: 200px !important;padding-bottom: 150px !important;}&#8220;][vc_column][vc_column_text] Disclaimer &nbsp; Wir \u00fcbernehmen keinerlei Zusicherung und keinerlei Haftung f\u00fcr Sch\u00e4den oder Nachteile, welcher Art immer, die durch den Zugriff auf die Website, die direkte oder indirekte Verwendung der Website bzw. deren Inhalte oder die Verwertung der auf der Website enthaltenen Informationen entstehen. &nbsp; Diese Website enth\u00e4lt Verkn\u00fcpfungen (\u201eHyperlinks\u201d) &hellip; Continue reading &rarr;Disclaimer\" \/>\n<meta property=\"og:url\" content=\"https:\/\/www.tourismfastforward.com\/2019\/disclaimer\/\" \/>\n<meta property=\"og:site_name\" content=\"Die Konferenz f\u00fcr innovative Technologien im Tourismus\" \/>\n<meta property=\"article:modified_time\" content=\"2018-01-25T14:59:15+00:00\" \/>\n<meta name=\"twitter:card\" content=\"summary_large_image\" \/>\n<meta name=\"twitter:label1\" content=\"Gesch\u00e4tzte Lesezeit\" \/>\n\t<meta name=\"twitter:data1\" content=\"2\u00a0Minuten\" \/>\n<script type=\"application\/ld+json\" class=\"yoast-schema-graph\">{\"@context\":\"https:\\\/\\\/schema.org\",\"@graph\":[{\"@type\":\"WebPage\",\"@id\":\"https:\\\/\\\/www.tourismfastforward.com\\\/2019\\\/disclaimer\\\/\",\"url\":\"https:\\\/\\\/www.tourismfastforward.com\\\/2019\\\/disclaimer\\\/\",\"name\":\"Disclaimer - Die Konferenz f\u00fcr innovative Technologien im Tourismus\",\"isPartOf\":{\"@id\":\"https:\\\/\\\/www.tourismfastforward.com\\\/2019\\\/#website\"},\"datePublished\":\"2016-12-16T09:44:09+00:00\",\"dateModified\":\"2018-01-25T14:59:15+00:00\",\"breadcrumb\":{\"@id\":\"https:\\\/\\\/www.tourismfastforward.com\\\/2019\\\/disclaimer\\\/#breadcrumb\"},\"inLanguage\":\"de\",\"potentialAction\":[{\"@type\":\"ReadAction\",\"target\":[\"https:\\\/\\\/www.tourismfastforward.com\\\/2019\\\/disclaimer\\\/\"]}]},{\"@type\":\"BreadcrumbList\",\"@id\":\"https:\\\/\\\/www.tourismfastforward.com\\\/2019\\\/disclaimer\\\/#breadcrumb\",\"itemListElement\":[{\"@type\":\"ListItem\",\"position\":1,\"name\":\"Startseite\",\"item\":\"https:\\\/\\\/www.tourismfastforward.com\\\/2019\\\/\"},{\"@type\":\"ListItem\",\"position\":2,\"name\":\"Disclaimer\"}]},{\"@type\":\"WebSite\",\"@id\":\"https:\\\/\\\/www.tourismfastforward.com\\\/2019\\\/#website\",\"url\":\"https:\\\/\\\/www.tourismfastforward.com\\\/2019\\\/\",\"name\":\"Die Konferenz f\u00fcr innovative Technologien im Tourismus\",\"description\":\"Tourism Fast Forward 2019\",\"potentialAction\":[{\"@type\":\"SearchAction\",\"target\":{\"@type\":\"EntryPoint\",\"urlTemplate\":\"https:\\\/\\\/www.tourismfastforward.com\\\/2019\\\/?s={search_term_string}\"},\"query-input\":{\"@type\":\"PropertyValueSpecification\",\"valueRequired\":true,\"valueName\":\"search_term_string\"}}],\"inLanguage\":\"de\"}]}<\/script>\n<!-- \/ Yoast SEO plugin. -->","yoast_head_json":{"title":"Disclaimer - Die Konferenz f\u00fcr innovative Technologien im Tourismus","robots":{"index":"index","follow":"follow","max-snippet":"max-snippet:-1","max-image-preview":"max-image-preview:large","max-video-preview":"max-video-preview:-1"},"canonical":"https:\/\/www.tourismfastforward.com\/2019\/disclaimer\/","og_locale":"de_DE","og_type":"article","og_title":"Disclaimer - Die Konferenz f\u00fcr innovative Technologien im Tourismus","og_description":"[vc_row css=&#8220;.vc_custom_1516892674176{padding-top: 200px !important;padding-bottom: 150px !important;}&#8220;][vc_column][vc_column_text] Disclaimer &nbsp; Wir \u00fcbernehmen keinerlei Zusicherung und keinerlei Haftung f\u00fcr Sch\u00e4den oder Nachteile, welcher Art immer, die durch den Zugriff auf die Website, die direkte oder indirekte Verwendung der Website bzw. deren Inhalte oder die Verwertung der auf der Website enthaltenen Informationen entstehen. &nbsp; Diese Website enth\u00e4lt Verkn\u00fcpfungen (\u201eHyperlinks\u201d) &hellip; Continue reading &rarr;Disclaimer","og_url":"https:\/\/www.tourismfastforward.com\/2019\/disclaimer\/","og_site_name":"Die Konferenz f\u00fcr innovative Technologien im Tourismus","article_modified_time":"2018-01-25T14:59:15+00:00","twitter_card":"summary_large_image","twitter_misc":{"Gesch\u00e4tzte Lesezeit":"2\u00a0Minuten"},"schema":{"@context":"https:\/\/schema.org","@graph":[{"@type":"WebPage","@id":"https:\/\/www.tourismfastforward.com\/2019\/disclaimer\/","url":"https:\/\/www.tourismfastforward.com\/2019\/disclaimer\/","name":"Disclaimer - Die Konferenz f\u00fcr innovative Technologien im Tourismus","isPartOf":{"@id":"https:\/\/www.tourismfastforward.com\/2019\/#website"},"datePublished":"2016-12-16T09:44:09+00:00","dateModified":"2018-01-25T14:59:15+00:00","breadcrumb":{"@id":"https:\/\/www.tourismfastforward.com\/2019\/disclaimer\/#breadcrumb"},"inLanguage":"de","potentialAction":[{"@type":"ReadAction","target":["https:\/\/www.tourismfastforward.com\/2019\/disclaimer\/"]}]},{"@type":"BreadcrumbList","@id":"https:\/\/www.tourismfastforward.com\/2019\/disclaimer\/#breadcrumb","itemListElement":[{"@type":"ListItem","position":1,"name":"Startseite","item":"https:\/\/www.tourismfastforward.com\/2019\/"},{"@type":"ListItem","position":2,"name":"Disclaimer"}]},{"@type":"WebSite","@id":"https:\/\/www.tourismfastforward.com\/2019\/#website","url":"https:\/\/www.tourismfastforward.com\/2019\/","name":"Die Konferenz f\u00fcr innovative Technologien im Tourismus","description":"Tourism Fast Forward 2019","potentialAction":[{"@type":"SearchAction","target":{"@type":"EntryPoint","urlTemplate":"https:\/\/www.tourismfastforward.com\/2019\/?s={search_term_string}"},"query-input":{"@type":"PropertyValueSpecification","valueRequired":true,"valueName":"search_term_string"}}],"inLanguage":"de"}]}},"_links":{"self":[{"href":"https:\/\/www.tourismfastforward.com\/2019\/wp-json\/wp\/v2\/pages\/6448","targetHints":{"allow":["GET"]}}],"collection":[{"href":"https:\/\/www.tourismfastforward.com\/2019\/wp-json\/wp\/v2\/pages"}],"about":[{"href":"https:\/\/www.tourismfastforward.com\/2019\/wp-json\/wp\/v2\/types\/page"}],"author":[{"embeddable":true,"href":"https:\/\/www.tourismfastforward.com\/2019\/wp-json\/wp\/v2\/users\/2"}],"replies":[{"embeddable":true,"href":"https:\/\/www.tourismfastforward.com\/2019\/wp-json\/wp\/v2\/comments?post=6448"}],"version-history":[{"count":4,"href":"https:\/\/www.tourismfastforward.com\/2019\/wp-json\/wp\/v2\/pages\/6448\/revisions"}],"predecessor-version":[{"id":9621,"href":"https:\/\/www.tourismfastforward.com\/2019\/wp-json\/wp\/v2\/pages\/6448\/revisions\/9621"}],"wp:attachment":[{"href":"https:\/\/www.tourismfastforward.com\/2019\/wp-json\/wp\/v2\/media?parent=6448"}],"curies":[{"name":"wp","href":"https:\/\/api.w.org\/{rel}","templated":true}]}}