{"id":9281,"date":"2018-01-19T13:20:23","date_gmt":"2018-01-19T12:20:23","guid":{"rendered":"https:\/\/testwebsite.tourismfastforward.com\/2018\/?page_id=9281"},"modified":"2018-02-02T10:38:18","modified_gmt":"2018-02-02T09:38:18","slug":"about","status":"publish","type":"page","link":"https:\/\/www.tourismfastforward.com\/2018\/about\/","title":{"rendered":"About"},"content":{"rendered":"<p>[vc_row css=&#8220;.vc_custom_1516891102765{padding-top: 200px !important;padding-bottom: 100px !important;}&#8220;][vc_column][vc_custom_heading text=&#8220;About&#8220; font_container=&#8220;tag:h1|text_align:left&#8220; use_theme_fonts=&#8220;yes&#8220;][vc_separator css=&#8220;.vc_custom_1516800608812{padding-bottom: 50px !important;}&#8220;][vc_custom_heading text=&#8220;DIALOG DIGITALER TOURISMUS&#8220; font_container=&#8220;tag:h1|font_size:24|text_align:left|color:%237a7a7a&#8220; use_theme_fonts=&#8220;yes&#8220;][vc_column_text]TourismFastForward ist eine Veranstaltung zu Themen des eTourismus und findet einmal j\u00e4hrlich im Kongresszentrum Mayrhofen statt.<br \/>\nAngefangen hat alles vor 2013 in Mayrhofen. Damals beschlossen Dieter Fensel, Leiter des STI-Institutes an der Universit\u00e4t Innsbruck, Bernhard Rieder, damals Leiter des Arbeitskreises eTourismus an der UBIT Tirol, und Andreas Lackner, Gesch\u00e4ftsf\u00fchrer des Tourismusverbandes Mayrhofen-Hippach, eine Workshopreihe zu etablieren. Ziel war die F\u00f6rderung des Dialoges zwischen dem Tourismus, der Wissenschaft und der IT. Der Tourismus der Zukunft muss wettbewerbsf\u00e4hig, nachhaltig und vernetzt bleiben. Mit TourismFastForward sichern wir Teamwork und Dialog zwischen Tourismusdienstleistern, Travel-Technologie-Anbietern, Wissenschaft und Destination-Managern \u2013 grenz\u00fcberschreitend und interdisziplin\u00e4r.[\/vc_column_text][vc_custom_heading text=&#8220;ZIELE&#8220; font_container=&#8220;tag:h2|font_size:24|text_align:left|color:%237a7a7a&#8220; use_theme_fonts=&#8220;yes&#8220;][vc_column_text]<\/p>\n<ul>\n<li>Unseren Tourismus der Zukunft gestalten<\/li>\n<li>Wissen zwischen allen Disziplinen austauschen<\/li>\n<li>Neue Technologien scouten und analysieren<\/li>\n<li>\u201eState of the Art\u201d Input von Experten erhalten und von \u201eBest Practice\u201d Beispielen lernen<\/li>\n<li>Interdisziplin\u00e4re Pilotprojekte f\u00f6rdern<\/li>\n<\/ul>\n<p>[\/vc_column_text][vc_custom_heading text=&#8220;ZIELGRUPPEN&#8220; font_container=&#8220;tag:h2|font_size:24|text_align:left|color:%237a7a7a&#8220; use_theme_fonts=&#8220;yes&#8220;][vc_column_text]<\/p>\n<ul>\n<li>Bergbahnen<\/li>\n<li>Hotellerie<\/li>\n<li>Reisemittler<\/li>\n<li>Tourismusverb\u00e4nde<\/li>\n<li>Travel Technologie Betriebe<\/li>\n<li>Weitere touristische Dienstleister<\/li>\n<li>Wissenschaft<\/li>\n<\/ul>\n<p>[\/vc_column_text][vc_custom_heading text=&#8220;Tr\u00e4ger&#8220; font_container=&#8220;tag:h1|text_align:left&#8220; use_theme_fonts=&#8220;yes&#8220; css=&#8220;.vc_custom_1516801682822{padding-top: 100px !important;}&#8220;][vc_separator css=&#8220;.vc_custom_1516800685764{padding-bottom: 50px !important;}&#8220;][vc_custom_heading text=&#8220;Die Veranstaltungsserie wird getragen von folgenden Parteien:&#8220; font_container=&#8220;tag:h2|font_size:24|text_align:left|color:%237a7a7a&#8220; use_theme_fonts=&#8220;yes&#8220;][vc_column_text]<\/p>\n<ul>\n<li>Amt der Tiroler Landesregierung, Abteilung Tourismus<\/li>\n<li>Gesch\u00e4ftsleitung Congress Zillertal, Europahaus Mayrhofen<\/li>\n<li>Standortagentur Tirol<\/li>\n<li>Tirol Werbung<\/li>\n<li>TVB Mayrhofen-Hippach<\/li>\n<li>Universit\u00e4t Innsbruck<\/li>\n<li>Wirtschaftskammer Tirol<\/li>\n<\/ul>\n<p>[\/vc_column_text][vc_custom_heading text=&#8220;Beirat&#8220; font_container=&#8220;tag:h1|text_align:left&#8220; use_theme_fonts=&#8220;yes&#8220; css=&#8220;.vc_custom_1516801698573{padding-top: 100px !important;}&#8220;][vc_separator css=&#8220;.vc_custom_1516800685764{padding-bottom: 50px !important;}&#8220;][vc_custom_heading text=&#8220;Der Beirat definiert die inhaltliche Ausrichtung der Konferenzserie und \u00fcberwacht und ber\u00e4t die Durchf\u00fchrung einer einzelnen Konferenz. Im Einzelnen bedeutet dies:&#8220; font_container=&#8220;tag:h2|font_size:24|text_align:left|color:%237a7a7a&#8220; use_theme_fonts=&#8220;yes&#8220;][vc_column_text]<strong>AUFGABEN<\/strong><\/p>\n<ul class=\"ff-arrow-list\">\n<li>Definition der allgemeinen thematischen Ausrichtung eines j\u00e4hrlichen Events<\/li>\n<li>Approval des Budgets eines j\u00e4hrlichen Events in Abstimmung mit den Tr\u00e4gern<\/li>\n<li>Bestellung eines OKs f\u00fcr ein j\u00e4hrliches Event<\/li>\n<li>Bereitstellung des Dinner Speakers<\/li>\n<li>Evaluierung eines durchgef\u00fchrten Events<\/li>\n<\/ul>\n<p>[\/vc_column_text][vc_column_text]<strong>DURCHF\u00dcHRUNG<\/strong><\/p>\n<ul class=\"ff-arrow-list\">\n<li>W\u00e4hrend eines Events finden zwei f2f Meetings statt, in welchen der stattfindende Event evaluiert sowie das OK und die inhaltliche Ausrichtung des folgenden Events definiert werden.<\/li>\n<li>Im Rahmen einer Telefonkonferenz werden das vom OK eingereichte Budget und der Programmrahmen diskutiert.<\/li>\n<li>Weitere Telefonkonferenzen werden vom Vorsitzenden des Beirats einberufen, wenn es die Durchf\u00fchrung einer Konferenz erfordert.<\/li>\n<\/ul>\n<p>[\/vc_column_text][vc_column_text]<strong>ZUSAMMENSETZUNG<\/strong><\/p>\n<p>Der Beirat besteht aus jeweils 5 Mitgliedern aus den Bereichen PPP, TSP, ITSP und IP.<\/p>\n<p><strong>Public Private Partnership (PPP)<\/strong><\/p>\n<ul class=\"ff-arrow-list\">\n<li>Markus Grazer, \u00d6HV<\/li>\n<li>Andreas Lackner, TVB Mayrhofen<\/li>\n<li>Eckhard Speckbacher, Tirol Werbung<\/li>\n<li>Franz Unterluggauer, Standortagentur Tirol<\/li>\n<\/ul>\n<p>[\/vc_column_text][vc_column_text]<strong>Touristic Solution Providers (TSP)<\/strong><\/p>\n<ul class=\"ff-arrow-list\">\n<li>Michael Anfang, Hotelerie<\/li>\n<li>Siegfried Egger, Hotel Adler in Kirchberg und Obmann des Fachverbandes der Hotellerie \u00d6sterreich<\/li>\n<li>Stefan Isser, Swarowski Kristallwelten<\/li>\n<li>Hansj\u00f6rg Kogler, Bergbahnen Westendorf GmbH<\/li>\n<\/ul>\n<p>[\/vc_column_text][vc_column_text]<strong>Intelligence Providers (IP)<\/strong><\/p>\n<ul class=\"ff-arrow-list\">\n<li>Dr. Roman Egger, Fachhochschule Salzburg<\/li>\n<li>Ass.-Prof. Dr. Anna Fensel, Universit\u00e4t Innsbruck<\/li>\n<li>Univ.-Prof. Dr. Dieter Fensel, Universit\u00e4t Innsbruck<\/li>\n<li>Prof. Christian Maurer, IMC FH Krems<\/li>\n<li>Prof. DDr. Arno Scharl, Modul Universit\u00e4t Wien<\/li>\n<\/ul>\n<p>[\/vc_column_text][vc_column_text]<strong>einem\/einer Angeh\u00f6rigen, welche von Congress Mayrhofen vorgeschlagen wird und das Budget kalkuliert, \u00fcberwacht und begleitet<\/strong><\/p>\n<ul class=\"ff-arrow-list\">\n<li>Ines Kammerlander<\/li>\n<\/ul>\n<p>Als Vorsitzender des Beirats wurde Univ.-Prof. Dr. Dieter Fensel bestellt.[\/vc_column_text][\/vc_column][\/vc_row]<\/p>\n","protected":false},"excerpt":{"rendered":"<p>[vc_row css=&#8220;.vc_custom_1516891102765{padding-top: 200px !important;padding-bottom: 100px !important;}&#8220;][vc_column][vc_custom_heading text=&#8220;About&#8220; font_container=&#8220;tag:h1|text_align:left&#8220; use_theme_fonts=&#8220;yes&#8220;][vc_separator css=&#8220;.vc_custom_1516800608812{padding-bottom: 50px !important;}&#8220;][vc_custom_heading text=&#8220;DIALOG DIGITALER TOURISMUS&#8220; font_container=&#8220;tag:h1|font_size:24|text_align:left|color:%237a7a7a&#8220; use_theme_fonts=&#8220;yes&#8220;][vc_column_text]TourismFastForward ist eine Veranstaltung zu Themen des eTourismus und findet einmal j\u00e4hrlich im Kongresszentrum Mayrhofen statt. Angefangen hat alles vor 2013 in Mayrhofen. Damals beschlossen Dieter Fensel, Leiter des STI-Institutes an der Universit\u00e4t Innsbruck, Bernhard Rieder, damals Leiter des &hellip; <a href=\"https:\/\/www.tourismfastforward.com\/2018\/about\/\" class=\"more-link\">Continue reading <span class=\"meta-nav\">&rarr;<\/span><span class=\"screen-reader-text\">About<\/span> <\/a><\/p>\n","protected":false},"author":2,"featured_media":0,"parent":0,"menu_order":0,"comment_status":"closed","ping_status":"closed","template":"page-templates\/full-width.php","meta":{"footnotes":""},"class_list":["post-9281","page","type-page","status-publish","hentry"],"yoast_head":"<!-- This site is optimized with the Yoast SEO plugin v27.3 - https:\/\/yoast.com\/product\/yoast-seo-wordpress\/ -->\n<title>About - Die Konferenz f\u00fcr innovative Technologien im Tourismus<\/title>\n<meta name=\"robots\" content=\"index, follow, max-snippet:-1, max-image-preview:large, max-video-preview:-1\" \/>\n<link rel=\"canonical\" href=\"https:\/\/www.tourismfastforward.com\/2018\/about\/\" \/>\n<meta property=\"og:locale\" content=\"de_DE\" \/>\n<meta property=\"og:type\" content=\"article\" \/>\n<meta property=\"og:title\" content=\"About - Die Konferenz f\u00fcr innovative Technologien im Tourismus\" \/>\n<meta property=\"og:description\" content=\"[vc_row css=&#8220;.vc_custom_1516891102765{padding-top: 200px !important;padding-bottom: 100px !important;}&#8220;][vc_column][vc_custom_heading text=&#8220;About&#8220; font_container=&#8220;tag:h1|text_align:left&#8220; use_theme_fonts=&#8220;yes&#8220;][vc_separator css=&#8220;.vc_custom_1516800608812{padding-bottom: 50px !important;}&#8220;][vc_custom_heading text=&#8220;DIALOG DIGITALER TOURISMUS&#8220; font_container=&#8220;tag:h1|font_size:24|text_align:left|color:%237a7a7a&#8220; use_theme_fonts=&#8220;yes&#8220;][vc_column_text]TourismFastForward ist eine Veranstaltung zu Themen des eTourismus und findet einmal j\u00e4hrlich im Kongresszentrum Mayrhofen statt. Angefangen hat alles vor 2013 in Mayrhofen. Damals beschlossen Dieter Fensel, Leiter des STI-Institutes an der Universit\u00e4t Innsbruck, Bernhard Rieder, damals Leiter des &hellip; Continue reading &rarr;About\" \/>\n<meta property=\"og:url\" content=\"https:\/\/www.tourismfastforward.com\/2018\/about\/\" \/>\n<meta property=\"og:site_name\" content=\"Die Konferenz f\u00fcr innovative Technologien im Tourismus\" \/>\n<meta property=\"article:modified_time\" content=\"2018-02-02T09:38:18+00:00\" \/>\n<meta name=\"twitter:card\" content=\"summary_large_image\" \/>\n<meta name=\"twitter:label1\" content=\"Gesch\u00e4tzte Lesezeit\" \/>\n\t<meta name=\"twitter:data1\" content=\"4\u00a0Minuten\" \/>\n<script type=\"application\/ld+json\" class=\"yoast-schema-graph\">{\"@context\":\"https:\\\/\\\/schema.org\",\"@graph\":[{\"@type\":\"WebPage\",\"@id\":\"https:\\\/\\\/www.tourismfastforward.com\\\/2018\\\/about\\\/\",\"url\":\"https:\\\/\\\/www.tourismfastforward.com\\\/2018\\\/about\\\/\",\"name\":\"About - Die Konferenz f\u00fcr innovative Technologien im Tourismus\",\"isPartOf\":{\"@id\":\"https:\\\/\\\/www.tourismfastforward.com\\\/2018\\\/#website\"},\"datePublished\":\"2018-01-19T12:20:23+00:00\",\"dateModified\":\"2018-02-02T09:38:18+00:00\",\"breadcrumb\":{\"@id\":\"https:\\\/\\\/www.tourismfastforward.com\\\/2018\\\/about\\\/#breadcrumb\"},\"inLanguage\":\"de\",\"potentialAction\":[{\"@type\":\"ReadAction\",\"target\":[\"https:\\\/\\\/www.tourismfastforward.com\\\/2018\\\/about\\\/\"]}]},{\"@type\":\"BreadcrumbList\",\"@id\":\"https:\\\/\\\/www.tourismfastforward.com\\\/2018\\\/about\\\/#breadcrumb\",\"itemListElement\":[{\"@type\":\"ListItem\",\"position\":1,\"name\":\"Startseite\",\"item\":\"https:\\\/\\\/www.tourismfastforward.com\\\/2018\\\/\"},{\"@type\":\"ListItem\",\"position\":2,\"name\":\"About\"}]},{\"@type\":\"WebSite\",\"@id\":\"https:\\\/\\\/www.tourismfastforward.com\\\/2018\\\/#website\",\"url\":\"https:\\\/\\\/www.tourismfastforward.com\\\/2018\\\/\",\"name\":\"Die Konferenz f\u00fcr innovative Technologien im Tourismus\",\"description\":\"Tourism Fast Forward 2018\",\"potentialAction\":[{\"@type\":\"SearchAction\",\"target\":{\"@type\":\"EntryPoint\",\"urlTemplate\":\"https:\\\/\\\/www.tourismfastforward.com\\\/2018\\\/?s={search_term_string}\"},\"query-input\":{\"@type\":\"PropertyValueSpecification\",\"valueRequired\":true,\"valueName\":\"search_term_string\"}}],\"inLanguage\":\"de\"}]}<\/script>\n<!-- \/ Yoast SEO plugin. -->","yoast_head_json":{"title":"About - Die Konferenz f\u00fcr innovative Technologien im Tourismus","robots":{"index":"index","follow":"follow","max-snippet":"max-snippet:-1","max-image-preview":"max-image-preview:large","max-video-preview":"max-video-preview:-1"},"canonical":"https:\/\/www.tourismfastforward.com\/2018\/about\/","og_locale":"de_DE","og_type":"article","og_title":"About - Die Konferenz f\u00fcr innovative Technologien im Tourismus","og_description":"[vc_row css=&#8220;.vc_custom_1516891102765{padding-top: 200px !important;padding-bottom: 100px !important;}&#8220;][vc_column][vc_custom_heading text=&#8220;About&#8220; font_container=&#8220;tag:h1|text_align:left&#8220; use_theme_fonts=&#8220;yes&#8220;][vc_separator css=&#8220;.vc_custom_1516800608812{padding-bottom: 50px !important;}&#8220;][vc_custom_heading text=&#8220;DIALOG DIGITALER TOURISMUS&#8220; font_container=&#8220;tag:h1|font_size:24|text_align:left|color:%237a7a7a&#8220; use_theme_fonts=&#8220;yes&#8220;][vc_column_text]TourismFastForward ist eine Veranstaltung zu Themen des eTourismus und findet einmal j\u00e4hrlich im Kongresszentrum Mayrhofen statt. Angefangen hat alles vor 2013 in Mayrhofen. Damals beschlossen Dieter Fensel, Leiter des STI-Institutes an der Universit\u00e4t Innsbruck, Bernhard Rieder, damals Leiter des &hellip; Continue reading &rarr;About","og_url":"https:\/\/www.tourismfastforward.com\/2018\/about\/","og_site_name":"Die Konferenz f\u00fcr innovative Technologien im Tourismus","article_modified_time":"2018-02-02T09:38:18+00:00","twitter_card":"summary_large_image","twitter_misc":{"Gesch\u00e4tzte Lesezeit":"4\u00a0Minuten"},"schema":{"@context":"https:\/\/schema.org","@graph":[{"@type":"WebPage","@id":"https:\/\/www.tourismfastforward.com\/2018\/about\/","url":"https:\/\/www.tourismfastforward.com\/2018\/about\/","name":"About - Die Konferenz f\u00fcr innovative Technologien im Tourismus","isPartOf":{"@id":"https:\/\/www.tourismfastforward.com\/2018\/#website"},"datePublished":"2018-01-19T12:20:23+00:00","dateModified":"2018-02-02T09:38:18+00:00","breadcrumb":{"@id":"https:\/\/www.tourismfastforward.com\/2018\/about\/#breadcrumb"},"inLanguage":"de","potentialAction":[{"@type":"ReadAction","target":["https:\/\/www.tourismfastforward.com\/2018\/about\/"]}]},{"@type":"BreadcrumbList","@id":"https:\/\/www.tourismfastforward.com\/2018\/about\/#breadcrumb","itemListElement":[{"@type":"ListItem","position":1,"name":"Startseite","item":"https:\/\/www.tourismfastforward.com\/2018\/"},{"@type":"ListItem","position":2,"name":"About"}]},{"@type":"WebSite","@id":"https:\/\/www.tourismfastforward.com\/2018\/#website","url":"https:\/\/www.tourismfastforward.com\/2018\/","name":"Die Konferenz f\u00fcr innovative Technologien im Tourismus","description":"Tourism Fast Forward 2018","potentialAction":[{"@type":"SearchAction","target":{"@type":"EntryPoint","urlTemplate":"https:\/\/www.tourismfastforward.com\/2018\/?s={search_term_string}"},"query-input":{"@type":"PropertyValueSpecification","valueRequired":true,"valueName":"search_term_string"}}],"inLanguage":"de"}]}},"_links":{"self":[{"href":"https:\/\/www.tourismfastforward.com\/2018\/wp-json\/wp\/v2\/pages\/9281","targetHints":{"allow":["GET"]}}],"collection":[{"href":"https:\/\/www.tourismfastforward.com\/2018\/wp-json\/wp\/v2\/pages"}],"about":[{"href":"https:\/\/www.tourismfastforward.com\/2018\/wp-json\/wp\/v2\/types\/page"}],"author":[{"embeddable":true,"href":"https:\/\/www.tourismfastforward.com\/2018\/wp-json\/wp\/v2\/users\/2"}],"replies":[{"embeddable":true,"href":"https:\/\/www.tourismfastforward.com\/2018\/wp-json\/wp\/v2\/comments?post=9281"}],"version-history":[{"count":16,"href":"https:\/\/www.tourismfastforward.com\/2018\/wp-json\/wp\/v2\/pages\/9281\/revisions"}],"predecessor-version":[{"id":9828,"href":"https:\/\/www.tourismfastforward.com\/2018\/wp-json\/wp\/v2\/pages\/9281\/revisions\/9828"}],"wp:attachment":[{"href":"https:\/\/www.tourismfastforward.com\/2018\/wp-json\/wp\/v2\/media?parent=9281"}],"curies":[{"name":"wp","href":"https:\/\/api.w.org\/{rel}","templated":true}]}}