{"id":6129,"date":"2016-11-17T16:21:13","date_gmt":"2016-11-17T15:21:13","guid":{"rendered":"http:\/\/www.tourismfastforward.com\/2017\/?page_id=6129"},"modified":"2018-02-01T13:19:56","modified_gmt":"2018-02-01T12:19:56","slug":"videos","status":"publish","type":"page","link":"https:\/\/www.tourismfastforward.com\/2018\/videos\/","title":{"rendered":"Videos"},"content":{"rendered":"<p>[vc_row css=&#8220;.vc_custom_1516802989954{padding-top: 200px !important;padding-bottom: 100px !important;}&#8220;][vc_column][vc_custom_heading text=&#8220;Kleiner Vorgeschmack&#8220; font_container=&#8220;tag:h1|text_align:center&#8220; use_theme_fonts=&#8220;yes&#8220;][vc_custom_heading text=&#8220;Video-Vortr\u00e4ge \u2013 von letzter 2017 Konferenz&#8220; font_container=&#8220;tag:h2|font_size:24|text_align:center|color:%237f7f7f&#8220; use_theme_fonts=&#8220;yes&#8220;][\/vc_column][\/vc_row][vc_row css=&#8220;.vc_custom_1516892726358{padding-bottom: 150px !important;}&#8220;][vc_column width=&#8220;1\/2&#8243;][vc_custom_heading text=&#8220;JOSEPHINE KARNER&#8220; font_container=&#8220;tag:h2|font_size:24|text_align:left|color:%237f7f7f&#8220; use_theme_fonts=&#8220;yes&#8220;][vc_single_image image=&#8220;9518&#8243;][pbr_block_heading subheading=&#8220;Microsoft \u00d6sterreich GmbH, Partner Business Evangelist&#8220;]Die IT Expertin mit \u00fcber 20 Jahre Erfahrung arbeitet bei Microsoft \u00d6sterreich GmbH an der Digitalisierung \u00d6sterreichs und der Einf\u00fchrung von spannenden und innovative Technologien.<br \/>\nAls Partner Business Evangelist unterst\u00fctzt sie Software Entwickler und Provider bei der Gesch\u00e4ftsentwicklung und forciert Ideen und den technologischen Fortschritt.[\/pbr_block_heading][vc_video link=&#8220;https:\/\/youtu.be\/jLTPF7TBf2Y&#8220; el_width=&#8220;80&#8243;][\/vc_column][vc_column width=&#8220;1\/2&#8243;][vc_custom_heading text=&#8220;DR. VLADIMIR PREVEDEN &#8220; font_container=&#8220;tag:h2|font_size:24|text_align:left|color:%237f7f7f&#8220; use_theme_fonts=&#8220;yes&#8220;][vc_single_image image=&#8220;9520&#8243;][pbr_block_heading subheading=&#8220;Speaker, Managing Partner, Roland Berger GmbH, \u00d6sterreich&#8220;]Vladimir Preveden studierte Wirtschaftsingenieurwesen-Maschinenbau an der Technischen Universit\u00e4t Graz und promovierte an der Universit\u00e4t Wien im Bereich Innovationsmanagement. Als Partner bei dem internationalen Beratungsunternehmen Roland Berger ber\u00e4t er internationale Hotelgruppen und St\u00e4dteverantwortliche zu Themen von strategischer Relevanz. Herr Preveden ist Autor zahlreicher Studien, die Wendepunkte der touristischen Entwicklung f\u00fcr St\u00e4dte und Destinationen untersuchen.[\/pbr_block_heading][vc_video link=&#8220;https:\/\/youtu.be\/C49gBqHP5cw&#8220; el_width=&#8220;80&#8243;][\/vc_column][\/vc_row]<\/p>\n","protected":false},"excerpt":{"rendered":"<p>[vc_row css=&#8220;.vc_custom_1516802989954{padding-top: 200px !important;padding-bottom: 100px !important;}&#8220;][vc_column][vc_custom_heading text=&#8220;Kleiner Vorgeschmack&#8220; font_container=&#8220;tag:h1|text_align:center&#8220; use_theme_fonts=&#8220;yes&#8220;][vc_custom_heading text=&#8220;Video-Vortr\u00e4ge \u2013 von letzter 2017 Konferenz&#8220; font_container=&#8220;tag:h2|font_size:24|text_align:center|color:%237f7f7f&#8220; use_theme_fonts=&#8220;yes&#8220;][\/vc_column][\/vc_row][vc_row css=&#8220;.vc_custom_1516892726358{padding-bottom: 150px !important;}&#8220;][vc_column width=&#8220;1\/2&#8243;][vc_custom_heading text=&#8220;JOSEPHINE KARNER&#8220; font_container=&#8220;tag:h2|font_size:24|text_align:left|color:%237f7f7f&#8220; use_theme_fonts=&#8220;yes&#8220;][vc_single_image image=&#8220;9518&#8243;][pbr_block_heading subheading=&#8220;Microsoft \u00d6sterreich GmbH, Partner Business Evangelist&#8220;]Die IT Expertin mit \u00fcber 20 Jahre Erfahrung arbeitet bei Microsoft \u00d6sterreich GmbH an der Digitalisierung \u00d6sterreichs und der Einf\u00fchrung von spannenden und &hellip; <a href=\"https:\/\/www.tourismfastforward.com\/2018\/videos\/\" class=\"more-link\">Continue reading <span class=\"meta-nav\">&rarr;<\/span><span class=\"screen-reader-text\">Videos<\/span> <\/a><\/p>\n","protected":false},"author":2,"featured_media":0,"parent":0,"menu_order":0,"comment_status":"closed","ping_status":"closed","template":"page-templates\/full-width.php","meta":{"footnotes":""},"class_list":["post-6129","page","type-page","status-publish","hentry"],"yoast_head":"<!-- This site is optimized with the Yoast SEO plugin v27.3 - https:\/\/yoast.com\/product\/yoast-seo-wordpress\/ -->\n<title>Video-Vortr\u00e4ge | Tourism Fast Forward 2018<\/title>\n<meta name=\"description\" content=\"Kleiner Vorgeschmack Video-Vortr\u00e4ge \u2013 von letzter 2017 Konferenz. JOSEPHINE KARNER - Microsoft \u00d6sterreich GmbH, Partner Business Evangelist, DR. VLADIMIR PREVEDEN - Speaker, Managing Partner, Roland Berger GmbH, \u00d6sterreich\" \/>\n<meta name=\"robots\" content=\"index, follow, max-snippet:-1, max-image-preview:large, max-video-preview:-1\" \/>\n<link rel=\"canonical\" href=\"https:\/\/www.tourismfastforward.com\/2018\/videos\/\" \/>\n<meta property=\"og:locale\" content=\"de_DE\" \/>\n<meta property=\"og:type\" content=\"article\" \/>\n<meta property=\"og:title\" content=\"Video-Vortr\u00e4ge | Tourism Fast Forward 2018\" \/>\n<meta property=\"og:description\" content=\"Kleiner Vorgeschmack Video-Vortr\u00e4ge \u2013 von letzter 2017 Konferenz. JOSEPHINE KARNER - Microsoft \u00d6sterreich GmbH, Partner Business Evangelist, DR. VLADIMIR PREVEDEN - Speaker, Managing Partner, Roland Berger GmbH, \u00d6sterreich\" \/>\n<meta property=\"og:url\" content=\"https:\/\/www.tourismfastforward.com\/2018\/videos\/\" \/>\n<meta property=\"og:site_name\" content=\"Die Konferenz f\u00fcr innovative Technologien im Tourismus\" \/>\n<meta property=\"article:modified_time\" content=\"2018-02-01T12:19:56+00:00\" \/>\n<meta name=\"twitter:card\" content=\"summary_large_image\" \/>\n<meta name=\"twitter:label1\" content=\"Gesch\u00e4tzte Lesezeit\" \/>\n\t<meta name=\"twitter:data1\" content=\"1\u00a0Minute\" \/>\n<script type=\"application\/ld+json\" class=\"yoast-schema-graph\">{\"@context\":\"https:\\\/\\\/schema.org\",\"@graph\":[{\"@type\":\"WebPage\",\"@id\":\"https:\\\/\\\/www.tourismfastforward.com\\\/2018\\\/videos\\\/\",\"url\":\"https:\\\/\\\/www.tourismfastforward.com\\\/2018\\\/videos\\\/\",\"name\":\"Video-Vortr\u00e4ge | Tourism Fast Forward 2018\",\"isPartOf\":{\"@id\":\"https:\\\/\\\/www.tourismfastforward.com\\\/2018\\\/#website\"},\"datePublished\":\"2016-11-17T15:21:13+00:00\",\"dateModified\":\"2018-02-01T12:19:56+00:00\",\"description\":\"Kleiner Vorgeschmack Video-Vortr\u00e4ge \u2013 von letzter 2017 Konferenz. JOSEPHINE KARNER - Microsoft \u00d6sterreich GmbH, Partner Business Evangelist, DR. VLADIMIR PREVEDEN - Speaker, Managing Partner, Roland Berger GmbH, \u00d6sterreich\",\"breadcrumb\":{\"@id\":\"https:\\\/\\\/www.tourismfastforward.com\\\/2018\\\/videos\\\/#breadcrumb\"},\"inLanguage\":\"de\",\"potentialAction\":[{\"@type\":\"ReadAction\",\"target\":[\"https:\\\/\\\/www.tourismfastforward.com\\\/2018\\\/videos\\\/\"]}]},{\"@type\":\"BreadcrumbList\",\"@id\":\"https:\\\/\\\/www.tourismfastforward.com\\\/2018\\\/videos\\\/#breadcrumb\",\"itemListElement\":[{\"@type\":\"ListItem\",\"position\":1,\"name\":\"Startseite\",\"item\":\"https:\\\/\\\/www.tourismfastforward.com\\\/2018\\\/\"},{\"@type\":\"ListItem\",\"position\":2,\"name\":\"Videos\"}]},{\"@type\":\"WebSite\",\"@id\":\"https:\\\/\\\/www.tourismfastforward.com\\\/2018\\\/#website\",\"url\":\"https:\\\/\\\/www.tourismfastforward.com\\\/2018\\\/\",\"name\":\"Die Konferenz f\u00fcr innovative Technologien im Tourismus\",\"description\":\"Tourism Fast Forward 2018\",\"potentialAction\":[{\"@type\":\"SearchAction\",\"target\":{\"@type\":\"EntryPoint\",\"urlTemplate\":\"https:\\\/\\\/www.tourismfastforward.com\\\/2018\\\/?s={search_term_string}\"},\"query-input\":{\"@type\":\"PropertyValueSpecification\",\"valueRequired\":true,\"valueName\":\"search_term_string\"}}],\"inLanguage\":\"de\"}]}<\/script>\n<!-- \/ Yoast SEO plugin. -->","yoast_head_json":{"title":"Video-Vortr\u00e4ge | Tourism Fast Forward 2018","description":"Kleiner Vorgeschmack Video-Vortr\u00e4ge \u2013 von letzter 2017 Konferenz. JOSEPHINE KARNER - Microsoft \u00d6sterreich GmbH, Partner Business Evangelist, DR. VLADIMIR PREVEDEN - Speaker, Managing Partner, Roland Berger GmbH, \u00d6sterreich","robots":{"index":"index","follow":"follow","max-snippet":"max-snippet:-1","max-image-preview":"max-image-preview:large","max-video-preview":"max-video-preview:-1"},"canonical":"https:\/\/www.tourismfastforward.com\/2018\/videos\/","og_locale":"de_DE","og_type":"article","og_title":"Video-Vortr\u00e4ge | Tourism Fast Forward 2018","og_description":"Kleiner Vorgeschmack Video-Vortr\u00e4ge \u2013 von letzter 2017 Konferenz. JOSEPHINE KARNER - Microsoft \u00d6sterreich GmbH, Partner Business Evangelist, DR. VLADIMIR PREVEDEN - Speaker, Managing Partner, Roland Berger GmbH, \u00d6sterreich","og_url":"https:\/\/www.tourismfastforward.com\/2018\/videos\/","og_site_name":"Die Konferenz f\u00fcr innovative Technologien im Tourismus","article_modified_time":"2018-02-01T12:19:56+00:00","twitter_card":"summary_large_image","twitter_misc":{"Gesch\u00e4tzte Lesezeit":"1\u00a0Minute"},"schema":{"@context":"https:\/\/schema.org","@graph":[{"@type":"WebPage","@id":"https:\/\/www.tourismfastforward.com\/2018\/videos\/","url":"https:\/\/www.tourismfastforward.com\/2018\/videos\/","name":"Video-Vortr\u00e4ge | Tourism Fast Forward 2018","isPartOf":{"@id":"https:\/\/www.tourismfastforward.com\/2018\/#website"},"datePublished":"2016-11-17T15:21:13+00:00","dateModified":"2018-02-01T12:19:56+00:00","description":"Kleiner Vorgeschmack Video-Vortr\u00e4ge \u2013 von letzter 2017 Konferenz. JOSEPHINE KARNER - Microsoft \u00d6sterreich GmbH, Partner Business Evangelist, DR. VLADIMIR PREVEDEN - Speaker, Managing Partner, Roland Berger GmbH, \u00d6sterreich","breadcrumb":{"@id":"https:\/\/www.tourismfastforward.com\/2018\/videos\/#breadcrumb"},"inLanguage":"de","potentialAction":[{"@type":"ReadAction","target":["https:\/\/www.tourismfastforward.com\/2018\/videos\/"]}]},{"@type":"BreadcrumbList","@id":"https:\/\/www.tourismfastforward.com\/2018\/videos\/#breadcrumb","itemListElement":[{"@type":"ListItem","position":1,"name":"Startseite","item":"https:\/\/www.tourismfastforward.com\/2018\/"},{"@type":"ListItem","position":2,"name":"Videos"}]},{"@type":"WebSite","@id":"https:\/\/www.tourismfastforward.com\/2018\/#website","url":"https:\/\/www.tourismfastforward.com\/2018\/","name":"Die Konferenz f\u00fcr innovative Technologien im Tourismus","description":"Tourism Fast Forward 2018","potentialAction":[{"@type":"SearchAction","target":{"@type":"EntryPoint","urlTemplate":"https:\/\/www.tourismfastforward.com\/2018\/?s={search_term_string}"},"query-input":{"@type":"PropertyValueSpecification","valueRequired":true,"valueName":"search_term_string"}}],"inLanguage":"de"}]}},"_links":{"self":[{"href":"https:\/\/www.tourismfastforward.com\/2018\/wp-json\/wp\/v2\/pages\/6129","targetHints":{"allow":["GET"]}}],"collection":[{"href":"https:\/\/www.tourismfastforward.com\/2018\/wp-json\/wp\/v2\/pages"}],"about":[{"href":"https:\/\/www.tourismfastforward.com\/2018\/wp-json\/wp\/v2\/types\/page"}],"author":[{"embeddable":true,"href":"https:\/\/www.tourismfastforward.com\/2018\/wp-json\/wp\/v2\/users\/2"}],"replies":[{"embeddable":true,"href":"https:\/\/www.tourismfastforward.com\/2018\/wp-json\/wp\/v2\/comments?post=6129"}],"version-history":[{"count":13,"href":"https:\/\/www.tourismfastforward.com\/2018\/wp-json\/wp\/v2\/pages\/6129\/revisions"}],"predecessor-version":[{"id":9968,"href":"https:\/\/www.tourismfastforward.com\/2018\/wp-json\/wp\/v2\/pages\/6129\/revisions\/9968"}],"wp:attachment":[{"href":"https:\/\/www.tourismfastforward.com\/2018\/wp-json\/wp\/v2\/media?parent=6129"}],"curies":[{"name":"wp","href":"https:\/\/api.w.org\/{rel}","templated":true}]}}