{"id":2515,"date":"2015-07-21T00:08:00","date_gmt":"2015-07-20T22:08:00","guid":{"rendered":"http:\/\/www.tourismfastforward.com\/2016\/?p=2515"},"modified":"2016-04-22T11:28:01","modified_gmt":"2016-04-22T09:28:01","slug":"partner","status":"publish","type":"page","link":"https:\/\/www.tourismfastforward.com\/2016\/partner\/","title":{"rendered":"partner"},"content":{"rendered":"<h1 class=\"Das-Tourismus-Event-Title\">\n\tPARTNER&nbsp;<br \/>\n<\/h1>\n<hr \/>\n<p>\n\t&nbsp;\n<\/p>\n<p>\n\t&nbsp;\n<\/p>\n<table border=\"1\" cellpadding=\"1\" cellspacing=\"1\" style=\"width:500px;border: 1px solid #ffffff !important;width: 660px;\">\n<tbody>\n<tr>\n<td style=\"border: 1px solid rgb(255, 255, 255);\">\n\t\t\t\t<a href=\"http:\/\/www.mayrhofen.at\/\"><img loading=\"lazy\" decoding=\"async\" alt=\"\" class=\"alignleft wp-image-4045 size-full\" height=\"82\" src=\"http:\/\/www.tourismfastforward.com\/2016\/wp-content\/uploads\/2016\/03\/Logo-TVB-Mayrhofen.jpg\" width=\"250\" srcset=\"https:\/\/www.tourismfastforward.com\/2016\/wp-content\/uploads\/2016\/03\/Logo-TVB-Mayrhofen.jpg 250w, https:\/\/www.tourismfastforward.com\/2016\/wp-content\/uploads\/2016\/03\/Logo-TVB-Mayrhofen-240x80.jpg 240w\" sizes=\"auto, (max-width: 250px) 100vw, 250px\" \/><\/a>\n\t\t\t<\/td>\n<td style=\"border: 1px solid rgb(255, 255, 255);\">\n\t\t\t\t<a href=\"https:\/\/www.tuwien.ac.at\"><img loading=\"lazy\" decoding=\"async\" alt=\"tu_wien_sm\" class=\"alignleft wp-image-1081\" height=\"68\" src=\"http:\/\/www.tourismfastforward.com\/2016\/wp-content\/uploads\/2015\/02\/tu_wien_sm.jpg\" width=\"140\" \/><\/a>\n\t\t\t<\/td>\n<\/tr>\n<tr>\n<td style=\"border: 1px solid rgb(255, 255, 255);\">\n\t\t\t\t<a href=\"https:\/\/www.modul.ac.at\/de\/?gclid=Cj0KEQiAgMKmBRDMjo_F9OfUubABEiQAp8Ky17XVRh-OTn4F4Q2iY_rB9YnZDHmkgvbE30rKr9czbNkaApFN8P8HAQ\" target=\"_blank\"><img loading=\"lazy\" decoding=\"async\" alt=\"modul_vienna_sm\" class=\"wp-image-1076 alignleft\" height=\"45\" src=\"http:\/\/www.tourismfastforward.com\/2016\/wp-content\/uploads\/2015\/02\/modul_vienna_sm.png\" width=\"150\" \/><\/a>\n\t\t\t<\/td>\n<td style=\"border: 1px solid rgb(255, 255, 255);\">\n\t\t\t\t<a href=\"https:\/\/seekda.com\/\"><img loading=\"lazy\" decoding=\"async\" alt=\"\" class=\"alignleft wp-image-4058\" height=\"59\" src=\"http:\/\/www.tourismfastforward.com\/2016\/wp-content\/uploads\/2015\/07\/seekdalogo.png\" width=\"180\" srcset=\"https:\/\/www.tourismfastforward.com\/2016\/wp-content\/uploads\/2015\/07\/seekdalogo.png 830w, https:\/\/www.tourismfastforward.com\/2016\/wp-content\/uploads\/2015\/07\/seekdalogo-723x239.png 723w, https:\/\/www.tourismfastforward.com\/2016\/wp-content\/uploads\/2015\/07\/seekdalogo-768x254.png 768w, https:\/\/www.tourismfastforward.com\/2016\/wp-content\/uploads\/2015\/07\/seekdalogo-480x160.png 480w, https:\/\/www.tourismfastforward.com\/2016\/wp-content\/uploads\/2015\/07\/seekdalogo-320x107.png 320w, https:\/\/www.tourismfastforward.com\/2016\/wp-content\/uploads\/2015\/07\/seekdalogo-240x80.png 240w\" sizes=\"auto, (max-width: 180px) 100vw, 180px\" \/><\/a>\n\t\t\t<\/td>\n<\/tr>\n<tr>\n<td style=\"border: 1px solid rgb(255, 255, 255);\">\n\t\t\t\t<a href=\"http:\/\/sti-innsbruck.at\/\"><img loading=\"lazy\" decoding=\"async\" alt=\"\" class=\"wp-image-4043 alignleft\" height=\"49\" src=\"http:\/\/www.tourismfastforward.com\/2016\/wp-content\/uploads\/2016\/03\/STI-logo.png\" width=\"200\" srcset=\"https:\/\/www.tourismfastforward.com\/2016\/wp-content\/uploads\/2016\/03\/STI-logo.png 300w, https:\/\/www.tourismfastforward.com\/2016\/wp-content\/uploads\/2016\/03\/STI-logo-240x60.png 240w\" sizes=\"auto, (max-width: 200px) 100vw, 200px\" \/><\/a>\n\t\t\t<\/td>\n<td style=\"border: 1px solid rgb(255, 255, 255);\">\n\t\t\t\t<a href=\"http:\/\/www.tirolwerbung.at\/\" target=\"_blank\"><img loading=\"lazy\" decoding=\"async\" alt=\"TFF OC logo Tirol Werbung_sm\" class=\"wp-image-1080 alignleft\" height=\"57\" src=\"http:\/\/www.tourismfastforward.com\/2016\/wp-content\/uploads\/2015\/02\/TFF-OC-logo-Tirol-Werbung_sm.jpg\" width=\"150\" \/><\/a>\n\t\t\t<\/td>\n<\/tr>\n<tr>\n<td style=\"border: 1px solid rgb(255, 255, 255);\">\n\t\t\t\t<a href=\"http:\/\/www.oehv.at\/\"><img loading=\"lazy\" decoding=\"async\" alt=\"\" class=\"alignleft wp-image-3284 size-full\" height=\"82\" src=\"http:\/\/www.tourismfastforward.com\/2016\/wp-content\/uploads\/2015\/12\/OEHV-Logo-Verein-4C_300dpi.jpg\" width=\"120\" \/><\/a>\n\t\t\t<\/td>\n<td style=\"border: 1px solid rgb(255, 255, 255);\">\n\t\t\t\t<a href=\"http:\/\/tourismusberatung.progfb.com\/\"><img loading=\"lazy\" decoding=\"async\" alt=\"\" class=\"wp-image-4047 alignleft\" height=\"57\" src=\"http:\/\/www.tourismfastforward.com\/2016\/wp-content\/uploads\/2016\/03\/Logo-Prodinger-Tourismusberatung-1.jpg\" width=\"250\" \/><\/a>\n\t\t\t<\/td>\n<\/tr>\n<tr>\n<td style=\"border: 1px solid rgb(255, 255, 255);\">\n\t\t\t\t<a href=\"http:\/\/www.fh-krems.ac.at\/\"><img loading=\"lazy\" decoding=\"async\" alt=\"imc_fh_krems_sm\" class=\"alignleft wp-image-1073 size-full\" height=\"50\" src=\"http:\/\/www.tourismfastforward.com\/2016\/wp-content\/uploads\/2015\/02\/imc_fh_krems_sm.jpg\" width=\"220\" \/><\/a>\n\t\t\t<\/td>\n<td style=\"border: 1px solid rgb(255, 255, 255);\">\n\t\t\t\t<a href=\"http:\/\/onlim.com\"><img loading=\"lazy\" decoding=\"async\" alt=\"Onlim-logo-180\" class=\"alignleft wp-image-3243\" height=\"86\" src=\"http:\/\/www.tourismfastforward.com\/2016\/wp-content\/uploads\/2015\/12\/Onlim-logo-180.png\" width=\"150\" srcset=\"https:\/\/www.tourismfastforward.com\/2016\/wp-content\/uploads\/2015\/12\/Onlim-logo-180.png 724w, https:\/\/www.tourismfastforward.com\/2016\/wp-content\/uploads\/2015\/12\/Onlim-logo-180-666x382.png 666w\" sizes=\"auto, (max-width: 150px) 100vw, 150px\" \/><\/a>\n\t\t\t<\/td>\n<\/tr>\n<tr>\n<td style=\"border: 1px solid rgb(255, 255, 255);\">\n\t\t\t\t<a href=\"http:\/\/www.easybooking.at\"><img loading=\"lazy\" decoding=\"async\" alt=\"\" class=\"alignleft\" height=\"36\" id=\"__wp-temp-img-id\" src=\"http:\/\/www.tourismfastforward.com\/2016\/wp-content\/uploads\/2016\/03\/easybooking-logo.png\" width=\"250\" \/><\/a>\n\t\t\t<\/td>\n<td style=\"border: 1px solid rgb(255, 255, 255);\">\n\t\t\t\t<a href=\"http:\/\/www.ttg.at\/\"><img loading=\"lazy\" decoding=\"async\" alt=\"\" class=\"alignleft\" height=\"52\" id=\"__wp-temp-img-id\" src=\"http:\/\/www.tourismfastforward.com\/2016\/wp-content\/uploads\/2016\/03\/TTG-logo.png\" width=\"200\" \/><\/a>\n\t\t\t<\/td>\n<\/tr>\n<tr>\n<td style=\"border: 1px solid rgb(255, 255, 255);\">\n\t\t\t\t<a href=\"http:\/\/www.innsbruck.at\/\"><img loading=\"lazy\" decoding=\"async\" alt=\"innsbruck_tourismus_sm\" class=\"alignleft wp-image-1074\" height=\"67\" src=\"http:\/\/www.tourismfastforward.com\/2016\/wp-content\/uploads\/2015\/02\/innsbruck_tourismus_sm.png\" width=\"140\" \/><\/a>\n\t\t\t<\/td>\n<td style=\"border: 1px solid rgb(255, 255, 255);\">\n\t\t\t\t<a href=\"https:\/\/www.europaeische.at\"><img loading=\"lazy\" decoding=\"async\" alt=\"Europ\u00e4ischen-logo\" class=\"alignnone wp-image-3662 size-full\" height=\"64\" src=\"http:\/\/www.tourismfastforward.com\/2016\/wp-content\/uploads\/2016\/02\/Europ\u00e4ischen-logo.jpg\" width=\"258\" srcset=\"https:\/\/www.tourismfastforward.com\/2016\/wp-content\/uploads\/2016\/02\/Europ\u00e4ischen-logo.jpg 258w, https:\/\/www.tourismfastforward.com\/2016\/wp-content\/uploads\/2016\/02\/Europ\u00e4ischen-logo-240x60.jpg 240w\" sizes=\"auto, (max-width: 258px) 100vw, 258px\" \/><\/a>\n\t\t\t<\/td>\n<\/tr>\n<tr>\n<td style=\"border: 1px solid rgb(255, 255, 255);\">\n\t\t\t\t<a href=\"http:\/\/www.standort-tirol.at\/\"><img loading=\"lazy\" decoding=\"async\" alt=\"\" class=\"alignleft wp-image-3380\" height=\"56\" src=\"http:\/\/www.tourismfastforward.com\/2016\/wp-content\/uploads\/2016\/02\/EU-EFRE-SAT-4C-DRUCK-1.jpg\" width=\"350\" \/><\/a>\n\t\t\t<\/td>\n<td style=\"border: 1px solid rgb(255, 255, 255);\">\n\t\t\t\t<a href=\"http:\/\/www.europahaus.at\/\" rel=\"\" style=\"\" target=\"\" title=\"\"><img loading=\"lazy\" decoding=\"async\" alt=\"europahaus_at_top_right\" class=\"alignnone size-full wp-image-4260\" height=\"97\" src=\"http:\/\/www.tourismfastforward.com\/2016\/wp-content\/uploads\/2015\/07\/europahaus_at_top_right.png\" style=\"float: left;\" title=\"\" width=\"160\" \/><\/a>\n\t\t\t<\/td>\n<\/tr>\n<tr>\n<td style=\"border: 1px solid rgb(255, 255, 255);\">\n\t\t\t\t<a href=\"http:\/\/destinationsolutions.hrs.com\/\" rel=\"\" style=\"\" target=\"\" title=\"\"><img loading=\"lazy\" decoding=\"async\" alt=\"HRS-DS-3zeilig_RGB_Sc\" class=\"alignnone size-full wp-image-4267\" height=\"100\" src=\"http:\/\/www.tourismfastforward.com\/2016\/wp-content\/uploads\/2015\/07\/HRS-DS-3zeilig_RGB_Sc.png\" style=\"float: left;\" title=\"\" width=\"239\" \/><\/a>\n\t\t\t<\/td>\n<td style=\"border: 1px solid rgb(255, 255, 255);\">\n\t\t\t\t<a href=\"http:\/\/www.feratel.com\/\" rel=\"\" style=\"\" target=\"\" title=\"\"><img loading=\"lazy\" decoding=\"async\" alt=\"Logo-blau\" class=\"alignnone size-full wp-image-4261\" height=\"70\" src=\"http:\/\/www.tourismfastforward.com\/2016\/wp-content\/uploads\/2015\/07\/Logo-blau-e1459412045328.jpg\" style=\"\" title=\"\" width=\"208\" \/><\/a>\n\t\t\t<\/td>\n<\/tr>\n<tr>\n<td style=\"border: 1px solid rgb(255, 255, 255);\">\n\t\t\t\t<a href=\"http:\/\/www.booking.com\/\" rel=\"\" style=\"\" target=\"\" title=\"\"><img loading=\"lazy\" decoding=\"async\" alt=\"booking\" class=\"alignnone size-full wp-image-4269\" height=\"50\" src=\"http:\/\/www.tourismfastforward.com\/2016\/wp-content\/uploads\/2015\/07\/booking-3.png\" style=\"float: left;\" title=\"\" width=\"250\" srcset=\"https:\/\/www.tourismfastforward.com\/2016\/wp-content\/uploads\/2015\/07\/booking-3.png 250w, https:\/\/www.tourismfastforward.com\/2016\/wp-content\/uploads\/2015\/07\/booking-3-240x48.png 240w\" sizes=\"auto, (max-width: 250px) 100vw, 250px\" \/><\/a>\n\t\t\t<\/td>\n<td style=\"border: 1px solid rgb(255, 255, 255);\">\n\t\t\t\t<img decoding=\"async\" alt=\"\" src=\"http:\/\/www.tourismfastforward.com\/2016\/wp-content\/uploads\/2016\/04\/Airbnb250.png\" style=\"width: 250px; height: 96px;\" \/>\n\t\t\t<\/td>\n<\/tr>\n<tr>\n<td style=\"border: 1px solid rgb(255, 255, 255);\">\n\t\t\t\t&nbsp;\n\t\t\t<\/td>\n<td style=\"border: 1px solid rgb(255, 255, 255);\">\n\t\t\t\t&nbsp;\n\t\t\t<\/td>\n<\/tr>\n<tr>\n<td style=\"border: 1px solid rgb(255, 255, 255);\">\n\t\t\t\t&nbsp;\n\t\t\t<\/td>\n<td style=\"border: 1px solid rgb(255, 255, 255);\">\n\t\t\t\t&nbsp;\n\t\t\t<\/td>\n<\/tr>\n<\/tbody>\n<\/table>\n","protected":false},"excerpt":{"rendered":"<p><a href=\"partner\"><img loading=\"lazy\" decoding=\"async\" class=\"alignnone size-full wp-image-1242\" src=\"http:\/\/www.tourismfastforward.com\/2016\/wp-content\/uploads\/2015\/02\/share-button-on-keyboard-665x4421.jpg\" alt=\"share-button-on-keyboard-665x4421\" width=\"225\" height=\"119\" \/><\/a><\/p>\n<div style=\"text-align: left;\"><span style=\"font-family: 'arial black', 'avant garde';\"><strong><span style=\"font-size: 18pt;\">PARTNER<\/span><\/strong><\/span><\/div>\n<div style=\"text-align: left;\"><span style=\"font-family: arial,helvetica,sans-serif; font-size: 12pt;\">Wir freuen uns \u00fcber unsere Kooperation mit akademischer-tourismusmanager.at. Informieren Sie sich \u00fcber die neuen Universit\u00e4tslehrg\u00e4nge zum akademischen Tourismusmanager, diplomierten Tourismusmanager und zertifizierten Tourismusmanager.<a href=\"partner\"><img loading=\"lazy\" decoding=\"async\" class=\"alignnone size-full wp-image-217\" src=\"http:\/\/www.tourismfastforward.com\/2016\/wp-content\/uploads\/2014\/12\/ff-arrow.png\" alt=\"ff-arrow\" width=\"26\" height=\"15\" \/> <\/a><\/span><\/div>\n","protected":false},"author":1,"featured_media":0,"parent":0,"menu_order":8,"comment_status":"closed","ping_status":"closed","template":"","meta":{"ngg_post_thumbnail":0,"footnotes":""},"class_list":["post-2515","page","type-page","status-publish","hentry"],"yoast_head":"<!-- This site is optimized with the Yoast SEO plugin v27.5 - https:\/\/yoast.com\/product\/yoast-seo-wordpress\/ -->\n<title>Partnern | Tourism Fast Forward 2016<\/title>\n<meta name=\"description\" content=\"Wir bedanken uns herzlich bei unseren Partnern.\" \/>\n<meta name=\"robots\" content=\"index, follow, max-snippet:-1, max-image-preview:large, max-video-preview:-1\" \/>\n<link rel=\"canonical\" href=\"https:\/\/www.tourismfastforward.com\/2016\/partner\/\" \/>\n<meta property=\"og:locale\" content=\"en_GB\" \/>\n<meta property=\"og:type\" content=\"article\" \/>\n<meta property=\"og:title\" content=\"Partnern | Tourism Fast Forward 2016\" \/>\n<meta property=\"og:description\" content=\"Wir bedanken uns herzlich bei unseren Partnern.\" \/>\n<meta property=\"og:url\" content=\"https:\/\/www.tourismfastforward.com\/2016\/partner\/\" \/>\n<meta property=\"og:site_name\" content=\"Tourism Fast Forward 2016 | Die Konferenz f\u00fcr innovative Technologien im Tourismus\" \/>\n<meta property=\"article:modified_time\" content=\"2016-04-22T09:28:01+00:00\" \/>\n<meta property=\"og:image\" content=\"http:\/\/www.tourismfastforward.com\/2016\/wp-content\/uploads\/2016\/03\/Logo-TVB-Mayrhofen.jpg\" \/>\n<script type=\"application\/ld+json\" class=\"yoast-schema-graph\">{\"@context\":\"https:\\\/\\\/schema.org\",\"@graph\":[{\"@type\":\"WebPage\",\"@id\":\"https:\\\/\\\/www.tourismfastforward.com\\\/2016\\\/partner\\\/\",\"url\":\"https:\\\/\\\/www.tourismfastforward.com\\\/2016\\\/partner\\\/\",\"name\":\"Partnern | Tourism Fast Forward 2016\",\"isPartOf\":{\"@id\":\"https:\\\/\\\/www.tourismfastforward.com\\\/2016\\\/#website\"},\"primaryImageOfPage\":{\"@id\":\"https:\\\/\\\/www.tourismfastforward.com\\\/2016\\\/partner\\\/#primaryimage\"},\"image\":{\"@id\":\"https:\\\/\\\/www.tourismfastforward.com\\\/2016\\\/partner\\\/#primaryimage\"},\"thumbnailUrl\":\"http:\\\/\\\/www.tourismfastforward.com\\\/2016\\\/wp-content\\\/uploads\\\/2016\\\/03\\\/Logo-TVB-Mayrhofen.jpg\",\"datePublished\":\"2015-07-20T22:08:00+00:00\",\"dateModified\":\"2016-04-22T09:28:01+00:00\",\"description\":\"Wir bedanken uns herzlich bei unseren Partnern.\",\"breadcrumb\":{\"@id\":\"https:\\\/\\\/www.tourismfastforward.com\\\/2016\\\/partner\\\/#breadcrumb\"},\"inLanguage\":\"en-GB\",\"potentialAction\":[{\"@type\":\"ReadAction\",\"target\":[\"https:\\\/\\\/www.tourismfastforward.com\\\/2016\\\/partner\\\/\"]}]},{\"@type\":\"ImageObject\",\"inLanguage\":\"en-GB\",\"@id\":\"https:\\\/\\\/www.tourismfastforward.com\\\/2016\\\/partner\\\/#primaryimage\",\"url\":\"http:\\\/\\\/www.tourismfastforward.com\\\/2016\\\/wp-content\\\/uploads\\\/2016\\\/03\\\/Logo-TVB-Mayrhofen.jpg\",\"contentUrl\":\"http:\\\/\\\/www.tourismfastforward.com\\\/2016\\\/wp-content\\\/uploads\\\/2016\\\/03\\\/Logo-TVB-Mayrhofen.jpg\"},{\"@type\":\"BreadcrumbList\",\"@id\":\"https:\\\/\\\/www.tourismfastforward.com\\\/2016\\\/partner\\\/#breadcrumb\",\"itemListElement\":[{\"@type\":\"ListItem\",\"position\":1,\"name\":\"Home\",\"item\":\"https:\\\/\\\/www.tourismfastforward.com\\\/2016\\\/\"},{\"@type\":\"ListItem\",\"position\":2,\"name\":\"partner\"}]},{\"@type\":\"WebSite\",\"@id\":\"https:\\\/\\\/www.tourismfastforward.com\\\/2016\\\/#website\",\"url\":\"https:\\\/\\\/www.tourismfastforward.com\\\/2016\\\/\",\"name\":\"Tourism Fast Forward 2016 | Die Konferenz f\u00fcr innovative Technologien im Tourismus\",\"description\":\"Tourism Fast Forward 2016\",\"potentialAction\":[{\"@type\":\"SearchAction\",\"target\":{\"@type\":\"EntryPoint\",\"urlTemplate\":\"https:\\\/\\\/www.tourismfastforward.com\\\/2016\\\/?s={search_term_string}\"},\"query-input\":{\"@type\":\"PropertyValueSpecification\",\"valueRequired\":true,\"valueName\":\"search_term_string\"}}],\"inLanguage\":\"en-GB\"}]}<\/script>\n<!-- \/ Yoast SEO plugin. -->","yoast_head_json":{"title":"Partnern | Tourism Fast Forward 2016","description":"Wir bedanken uns herzlich bei unseren Partnern.","robots":{"index":"index","follow":"follow","max-snippet":"max-snippet:-1","max-image-preview":"max-image-preview:large","max-video-preview":"max-video-preview:-1"},"canonical":"https:\/\/www.tourismfastforward.com\/2016\/partner\/","og_locale":"en_GB","og_type":"article","og_title":"Partnern | Tourism Fast Forward 2016","og_description":"Wir bedanken uns herzlich bei unseren Partnern.","og_url":"https:\/\/www.tourismfastforward.com\/2016\/partner\/","og_site_name":"Tourism Fast Forward 2016 | Die Konferenz f\u00fcr innovative Technologien im Tourismus","article_modified_time":"2016-04-22T09:28:01+00:00","og_image":[{"url":"http:\/\/www.tourismfastforward.com\/2016\/wp-content\/uploads\/2016\/03\/Logo-TVB-Mayrhofen.jpg","type":"","width":"","height":""}],"schema":{"@context":"https:\/\/schema.org","@graph":[{"@type":"WebPage","@id":"https:\/\/www.tourismfastforward.com\/2016\/partner\/","url":"https:\/\/www.tourismfastforward.com\/2016\/partner\/","name":"Partnern | Tourism Fast Forward 2016","isPartOf":{"@id":"https:\/\/www.tourismfastforward.com\/2016\/#website"},"primaryImageOfPage":{"@id":"https:\/\/www.tourismfastforward.com\/2016\/partner\/#primaryimage"},"image":{"@id":"https:\/\/www.tourismfastforward.com\/2016\/partner\/#primaryimage"},"thumbnailUrl":"http:\/\/www.tourismfastforward.com\/2016\/wp-content\/uploads\/2016\/03\/Logo-TVB-Mayrhofen.jpg","datePublished":"2015-07-20T22:08:00+00:00","dateModified":"2016-04-22T09:28:01+00:00","description":"Wir bedanken uns herzlich bei unseren Partnern.","breadcrumb":{"@id":"https:\/\/www.tourismfastforward.com\/2016\/partner\/#breadcrumb"},"inLanguage":"en-GB","potentialAction":[{"@type":"ReadAction","target":["https:\/\/www.tourismfastforward.com\/2016\/partner\/"]}]},{"@type":"ImageObject","inLanguage":"en-GB","@id":"https:\/\/www.tourismfastforward.com\/2016\/partner\/#primaryimage","url":"http:\/\/www.tourismfastforward.com\/2016\/wp-content\/uploads\/2016\/03\/Logo-TVB-Mayrhofen.jpg","contentUrl":"http:\/\/www.tourismfastforward.com\/2016\/wp-content\/uploads\/2016\/03\/Logo-TVB-Mayrhofen.jpg"},{"@type":"BreadcrumbList","@id":"https:\/\/www.tourismfastforward.com\/2016\/partner\/#breadcrumb","itemListElement":[{"@type":"ListItem","position":1,"name":"Home","item":"https:\/\/www.tourismfastforward.com\/2016\/"},{"@type":"ListItem","position":2,"name":"partner"}]},{"@type":"WebSite","@id":"https:\/\/www.tourismfastforward.com\/2016\/#website","url":"https:\/\/www.tourismfastforward.com\/2016\/","name":"Tourism Fast Forward 2016 | Die Konferenz f\u00fcr innovative Technologien im Tourismus","description":"Tourism Fast Forward 2016","potentialAction":[{"@type":"SearchAction","target":{"@type":"EntryPoint","urlTemplate":"https:\/\/www.tourismfastforward.com\/2016\/?s={search_term_string}"},"query-input":{"@type":"PropertyValueSpecification","valueRequired":true,"valueName":"search_term_string"}}],"inLanguage":"en-GB"}]}},"_links":{"self":[{"href":"https:\/\/www.tourismfastforward.com\/2016\/wp-json\/wp\/v2\/pages\/2515","targetHints":{"allow":["GET"]}}],"collection":[{"href":"https:\/\/www.tourismfastforward.com\/2016\/wp-json\/wp\/v2\/pages"}],"about":[{"href":"https:\/\/www.tourismfastforward.com\/2016\/wp-json\/wp\/v2\/types\/page"}],"author":[{"embeddable":true,"href":"https:\/\/www.tourismfastforward.com\/2016\/wp-json\/wp\/v2\/users\/1"}],"replies":[{"embeddable":true,"href":"https:\/\/www.tourismfastforward.com\/2016\/wp-json\/wp\/v2\/comments?post=2515"}],"version-history":[{"count":68,"href":"https:\/\/www.tourismfastforward.com\/2016\/wp-json\/wp\/v2\/pages\/2515\/revisions"}],"predecessor-version":[{"id":4306,"href":"https:\/\/www.tourismfastforward.com\/2016\/wp-json\/wp\/v2\/pages\/2515\/revisions\/4306"}],"wp:attachment":[{"href":"https:\/\/www.tourismfastforward.com\/2016\/wp-json\/wp\/v2\/media?parent=2515"}],"curies":[{"name":"wp","href":"https:\/\/api.w.org\/{rel}","templated":true}]}}